{"id":16,"date":"2025-05-03T20:34:55","date_gmt":"2025-05-03T20:34:55","guid":{"rendered":"http:\/\/zdrowelapy.pl\/?page_id=16"},"modified":"2025-05-09T08:13:11","modified_gmt":"2025-05-09T08:13:11","slug":"gdzie-pomagam","status":"publish","type":"page","link":"https:\/\/zdrowelapy.pl\/index.php\/gdzie-pomagam\/","title":{"rendered":"Kontakt"},"content":{"rendered":"\n<hr class=\"wp-block-separator has-alpha-channel-opacity\"\/>\n\n\n\n<h3 class=\"wp-block-heading\">Skontaktuj si\u0119 z nami<\/h3>\n\n\n\n<p>Masz pytania? Chcesz um\u00f3wi\u0107 wizyt\u0119 lub dowiedzie\u0107 si\u0119, jak mo\u017cemy pom\u00f3c Twojemu psu lub kotu?<br>Zadzwo\u0144, napisz \u2013 ch\u0119tnie odpowiem na wszystkie Twoje pytania i znajd\u0119 najlepszy termin wizyty.<\/p>\n\n\n\n<p>\ud83d\udc3e <strong>Zdrowe \u0141apy<\/strong> to miejsce, gdzie zdrowie i komfort Twojego pupila s\u0105 zawsze na pierwszym miejscu.<br>Zapraszam serdecznie \u2013 Wroc\u0142aw i okolice.<\/p>\n\n\n\n<div class=\"wp-block-media-text is-stacked-on-mobile\" style=\"grid-template-columns:48% auto\"><figure class=\"wp-block-media-text__media\"><img loading=\"lazy\" decoding=\"async\" width=\"683\" height=\"1024\" src=\"https:\/\/zdrowelapy.pl\/wp-content\/uploads\/2025\/05\/Pelny-format-30-of-36-683x1024.jpg\" alt=\"\" class=\"wp-image-17 size-full\" srcset=\"https:\/\/zdrowelapy.pl\/wp-content\/uploads\/2025\/05\/Pelny-format-30-of-36-683x1024.jpg 683w, https:\/\/zdrowelapy.pl\/wp-content\/uploads\/2025\/05\/Pelny-format-30-of-36-200x300.jpg 200w, https:\/\/zdrowelapy.pl\/wp-content\/uploads\/2025\/05\/Pelny-format-30-of-36-768x1152.jpg 768w, https:\/\/zdrowelapy.pl\/wp-content\/uploads\/2025\/05\/Pelny-format-30-of-36-1024x1536.jpg 1024w, https:\/\/zdrowelapy.pl\/wp-content\/uploads\/2025\/05\/Pelny-format-30-of-36-1365x2048.jpg 1365w, https:\/\/zdrowelapy.pl\/wp-content\/uploads\/2025\/05\/Pelny-format-30-of-36-scaled.jpg 1707w\" sizes=\"auto, (max-width: 683px) 100vw, 683px\" \/><\/figure><div class=\"wp-block-media-text__content\">\n<p class=\"has-text-align-center\">mobilnie: <strong>Wroc\u0142aw i okolice <\/strong><\/p>\n\n\n\n<p class=\"has-text-align-center\">telefon: <strong>888343269<\/strong><\/p>\n\n\n\n<p class=\"has-text-align-center\">e-mail:<\/p>\n\n\n\n<p class=\"has-text-align-center\"><strong>goldenmajko@poczta.onet.pl<\/strong><\/p>\n\n\n\n<p class=\"has-text-align-center\">hodowla: <strong><a href=\"http:\/\/www.goldenmajko.com.pl\">www.goldenmajko.com.pl <\/a><\/strong><\/p>\n\n\n\n<p class=\"has-text-align-center\">blog: <br><strong><a href=\"http:\/\/www.goldenmajko.pl\">www.goldenmajko.pl<\/a><\/strong><\/p>\n<\/div><\/div>\n\n\n\n<h3 class=\"wp-block-heading\">\ud83d\udcc5 Um\u00f3w si\u0119 na wizyt\u0119 \u2013 zadbaj o komfort swojego zwierzaka<\/h3>\n\n\n\n<p>Ka\u017cde zwierz\u0119 to osobna historia. W Goldenmajko Zdrowe \u0141apy nie pracujemy schematami \u2013 tworzymy <strong>indywidualne plany terapii<\/strong>, dopasowane do stanu zdrowia, temperamentu i mo\u017cliwo\u015bci Twojego pupila.<\/p>\n\n\n\n<p>Zapraszamy opiekun\u00f3w ps\u00f3w i kot\u00f3w w ka\u017cdym wieku \u2013 od szczeni\u0105t po senior\u00f3w. Niezale\u017cnie, czy Tw\u00f3j zwierzak wraca do zdrowia po operacji, ma przewlek\u0142y problem ruchowy, czy po prostu potrzebuje wsparcia i dotyku \u2013 jeste\u015bmy tu, by pom\u00f3c.<\/p>\n\n\n\n<p>\ud83d\udcde Zadzwo\u0144: 888343269<br>\ud83d\udce7 Napisz: goldenmajko@poczta.onet.pl<br>\ud83c\udf10 Znajd\u017a nas online: FB: goldenmajko IG: goldenmajko<\/p>\n\n\n\n<p><strong>Goldenmajko Zdrowe \u0141apy \u2013 bo zdrowie Twojego zwierzaka zaczyna si\u0119 od troskliwego dotyku.<\/strong><\/p>\n","protected":false},"excerpt":{"rendered":"<p>Skontaktuj si\u0119 z nami Masz pytania? Chcesz um\u00f3wi\u0107 wizyt\u0119 lub dowiedzie\u0107 si\u0119, jak mo\u017cemy pom\u00f3c Twojemu psu lub kotu?Zadzwo\u0144, napisz \u2013 ch\u0119tnie odpowiem na wszystkie Twoje pytania i znajd\u0119 najlepszy termin wizyty. \ud83d\udc3e Zdrowe \u0141apy to miejsce, gdzie zdrowie i komfort Twojego pupila s\u0105 zawsze na pierwszym miejscu.Zapraszam serdecznie \u2013 Wroc\u0142aw i okolice. mobilnie: Wroc\u0142aw [&hellip;]<\/p>\n","protected":false},"author":1,"featured_media":0,"parent":0,"menu_order":0,"comment_status":"closed","ping_status":"closed","template":"","meta":{"footnotes":""},"class_list":["post-16","page","type-page","status-publish","hentry"],"yoast_head":"<!-- This site is optimized with the Yoast SEO plugin v25.6 - https:\/\/yoast.com\/wordpress\/plugins\/seo\/ -->\n<title>Kontakt - Goldenmajko Zdrowe \u0141apy<\/title>\n<meta name=\"robots\" content=\"index, follow, max-snippet:-1, max-image-preview:large, max-video-preview:-1\" \/>\n<link rel=\"canonical\" href=\"https:\/\/zdrowelapy.pl\/index.php\/gdzie-pomagam\/\" \/>\n<meta property=\"og:locale\" content=\"pl_PL\" \/>\n<meta property=\"og:type\" content=\"article\" \/>\n<meta property=\"og:title\" content=\"Kontakt - Goldenmajko Zdrowe \u0141apy\" \/>\n<meta property=\"og:description\" content=\"Skontaktuj si\u0119 z nami Masz pytania? Chcesz um\u00f3wi\u0107 wizyt\u0119 lub dowiedzie\u0107 si\u0119, jak mo\u017cemy pom\u00f3c Twojemu psu lub kotu?Zadzwo\u0144, napisz \u2013 ch\u0119tnie odpowiem na wszystkie Twoje pytania i znajd\u0119 najlepszy termin wizyty. \ud83d\udc3e Zdrowe \u0141apy to miejsce, gdzie zdrowie i komfort Twojego pupila s\u0105 zawsze na pierwszym miejscu.Zapraszam serdecznie \u2013 Wroc\u0142aw i okolice. mobilnie: Wroc\u0142aw [&hellip;]\" \/>\n<meta property=\"og:url\" content=\"https:\/\/zdrowelapy.pl\/index.php\/gdzie-pomagam\/\" \/>\n<meta property=\"og:site_name\" content=\"Goldenmajko Zdrowe \u0141apy\" \/>\n<meta property=\"article:publisher\" content=\"https:\/\/www.facebook.com\/goldenmajko\" \/>\n<meta property=\"article:modified_time\" content=\"2025-05-09T08:13:11+00:00\" \/>\n<meta property=\"og:image\" content=\"http:\/\/zdrowelapy.pl\/wp-content\/uploads\/2025\/05\/Pelny-format-30-of-36-683x1024.jpg\" \/>\n<meta name=\"twitter:card\" content=\"summary_large_image\" \/>\n<meta name=\"twitter:label1\" content=\"Szacowany czas czytania\" \/>\n\t<meta name=\"twitter:data1\" content=\"1 minuta\" \/>\n<script type=\"application\/ld+json\" class=\"yoast-schema-graph\">{\"@context\":\"https:\/\/schema.org\",\"@graph\":[{\"@type\":\"WebPage\",\"@id\":\"https:\/\/zdrowelapy.pl\/index.php\/gdzie-pomagam\/\",\"url\":\"https:\/\/zdrowelapy.pl\/index.php\/gdzie-pomagam\/\",\"name\":\"Kontakt - Goldenmajko Zdrowe \u0141apy\",\"isPartOf\":{\"@id\":\"https:\/\/zdrowelapy.pl\/#website\"},\"primaryImageOfPage\":{\"@id\":\"https:\/\/zdrowelapy.pl\/index.php\/gdzie-pomagam\/#primaryimage\"},\"image\":{\"@id\":\"https:\/\/zdrowelapy.pl\/index.php\/gdzie-pomagam\/#primaryimage\"},\"thumbnailUrl\":\"http:\/\/zdrowelapy.pl\/wp-content\/uploads\/2025\/05\/Pelny-format-30-of-36-683x1024.jpg\",\"datePublished\":\"2025-05-03T20:34:55+00:00\",\"dateModified\":\"2025-05-09T08:13:11+00:00\",\"breadcrumb\":{\"@id\":\"https:\/\/zdrowelapy.pl\/index.php\/gdzie-pomagam\/#breadcrumb\"},\"inLanguage\":\"pl-PL\",\"potentialAction\":[{\"@type\":\"ReadAction\",\"target\":[\"https:\/\/zdrowelapy.pl\/index.php\/gdzie-pomagam\/\"]}]},{\"@type\":\"ImageObject\",\"inLanguage\":\"pl-PL\",\"@id\":\"https:\/\/zdrowelapy.pl\/index.php\/gdzie-pomagam\/#primaryimage\",\"url\":\"https:\/\/zdrowelapy.pl\/wp-content\/uploads\/2025\/05\/Pelny-format-30-of-36-scaled.jpg\",\"contentUrl\":\"https:\/\/zdrowelapy.pl\/wp-content\/uploads\/2025\/05\/Pelny-format-30-of-36-scaled.jpg\",\"width\":1707,\"height\":2560},{\"@type\":\"BreadcrumbList\",\"@id\":\"https:\/\/zdrowelapy.pl\/index.php\/gdzie-pomagam\/#breadcrumb\",\"itemListElement\":[{\"@type\":\"ListItem\",\"position\":1,\"name\":\"Strona g\u0142\u00f3wna\",\"item\":\"https:\/\/zdrowelapy.pl\/\"},{\"@type\":\"ListItem\",\"position\":2,\"name\":\"Kontakt\"}]},{\"@type\":\"WebSite\",\"@id\":\"https:\/\/zdrowelapy.pl\/#website\",\"url\":\"https:\/\/zdrowelapy.pl\/\",\"name\":\"Goldenmajko Zdrowe \u0141apy\",\"description\":\"\",\"publisher\":{\"@id\":\"https:\/\/zdrowelapy.pl\/#\/schema\/person\/2f7db41a315c7eaf06bf4c8cb584a0ba\"},\"potentialAction\":[{\"@type\":\"SearchAction\",\"target\":{\"@type\":\"EntryPoint\",\"urlTemplate\":\"https:\/\/zdrowelapy.pl\/?s={search_term_string}\"},\"query-input\":{\"@type\":\"PropertyValueSpecification\",\"valueRequired\":true,\"valueName\":\"search_term_string\"}}],\"inLanguage\":\"pl-PL\"},{\"@type\":[\"Person\",\"Organization\"],\"@id\":\"https:\/\/zdrowelapy.pl\/#\/schema\/person\/2f7db41a315c7eaf06bf4c8cb584a0ba\",\"name\":\"goldenmajko\",\"image\":{\"@type\":\"ImageObject\",\"inLanguage\":\"pl-PL\",\"@id\":\"https:\/\/zdrowelapy.pl\/#\/schema\/person\/image\/\",\"url\":\"https:\/\/zdrowelapy.pl\/wp-content\/uploads\/2025\/05\/logo.png\",\"contentUrl\":\"https:\/\/zdrowelapy.pl\/wp-content\/uploads\/2025\/05\/logo.png\",\"width\":500,\"height\":250,\"caption\":\"goldenmajko\"},\"logo\":{\"@id\":\"https:\/\/zdrowelapy.pl\/#\/schema\/person\/image\/\"},\"description\":\"Edyta Gajewska Kynolog, hodowca Golden Retriever\u00f3w, zoofizjoterapeuta Psy s\u0105 dla mnie najwa\u017cniejsze. Podchodz\u0119 do nich holistycznie! Moje zainteresowania to specyfika ps\u00f3w sportowych, motoryka i biomechanika ruchu oraz techniki zoofizjoterapeutyczne. Jestem Certyfikowanym Masa\u017cyst\u0105 Ps\u00f3w zajmuj\u0105cym si\u0119 terapi\u0105 manualn\u0105 z u\u017cyciem r\u00f3\u017cnorodnych technik fizjoterapeutycznych. Uko\u0144czy\u0142am szereg kurs\u00f3w w Studium Zoofizjoterapii Zwierz\u0105t. Uczestniczy\u0142am w seminariach i warsztatach prowadzonych przez \u015bwiatowej klasy specjalist\u00f3w takich jak Chris Zink, Katie Lawrance, Julie Platt, Marketa Urbaskowa czy te\u017c Pilar Laufente. Uko\u0144czy\u0142am tak\u017ce kurs Akupunktury Weterynaryjnej. Z psami \u017cyj\u0119 na co dzie\u0144. Kynologi\u0105 z zami\u0142owania zajmuj\u0119 si\u0119 od 25 lat. Prowadz\u0119 jedn\u0105 z najlepszych polskich hodowli Golden Retriever. Posiadam bogat\u0105 wiedz\u0119 dotycz\u0105c\u0105 behawioru ps\u00f3w. W wolnym czasie trenujemy nosework, je\u017adzimy na wystawy i chodzimy po g\u00f3rach.\",\"sameAs\":[\"http:\/\/zdrowelapy.pl\",\"https:\/\/www.facebook.com\/goldenmajko\",\"https:\/\/www.instagram.com\/goldenmajko\/\"]}]}<\/script>\n<!-- \/ Yoast SEO plugin. -->","yoast_head_json":{"title":"Kontakt - Goldenmajko Zdrowe \u0141apy","robots":{"index":"index","follow":"follow","max-snippet":"max-snippet:-1","max-image-preview":"max-image-preview:large","max-video-preview":"max-video-preview:-1"},"canonical":"https:\/\/zdrowelapy.pl\/index.php\/gdzie-pomagam\/","og_locale":"pl_PL","og_type":"article","og_title":"Kontakt - Goldenmajko Zdrowe \u0141apy","og_description":"Skontaktuj si\u0119 z nami Masz pytania? Chcesz um\u00f3wi\u0107 wizyt\u0119 lub dowiedzie\u0107 si\u0119, jak mo\u017cemy pom\u00f3c Twojemu psu lub kotu?Zadzwo\u0144, napisz \u2013 ch\u0119tnie odpowiem na wszystkie Twoje pytania i znajd\u0119 najlepszy termin wizyty. \ud83d\udc3e Zdrowe \u0141apy to miejsce, gdzie zdrowie i komfort Twojego pupila s\u0105 zawsze na pierwszym miejscu.Zapraszam serdecznie \u2013 Wroc\u0142aw i okolice. mobilnie: Wroc\u0142aw [&hellip;]","og_url":"https:\/\/zdrowelapy.pl\/index.php\/gdzie-pomagam\/","og_site_name":"Goldenmajko Zdrowe \u0141apy","article_publisher":"https:\/\/www.facebook.com\/goldenmajko","article_modified_time":"2025-05-09T08:13:11+00:00","og_image":[{"url":"http:\/\/zdrowelapy.pl\/wp-content\/uploads\/2025\/05\/Pelny-format-30-of-36-683x1024.jpg","type":"","width":"","height":""}],"twitter_card":"summary_large_image","twitter_misc":{"Szacowany czas czytania":"1 minuta"},"schema":{"@context":"https:\/\/schema.org","@graph":[{"@type":"WebPage","@id":"https:\/\/zdrowelapy.pl\/index.php\/gdzie-pomagam\/","url":"https:\/\/zdrowelapy.pl\/index.php\/gdzie-pomagam\/","name":"Kontakt - Goldenmajko Zdrowe \u0141apy","isPartOf":{"@id":"https:\/\/zdrowelapy.pl\/#website"},"primaryImageOfPage":{"@id":"https:\/\/zdrowelapy.pl\/index.php\/gdzie-pomagam\/#primaryimage"},"image":{"@id":"https:\/\/zdrowelapy.pl\/index.php\/gdzie-pomagam\/#primaryimage"},"thumbnailUrl":"http:\/\/zdrowelapy.pl\/wp-content\/uploads\/2025\/05\/Pelny-format-30-of-36-683x1024.jpg","datePublished":"2025-05-03T20:34:55+00:00","dateModified":"2025-05-09T08:13:11+00:00","breadcrumb":{"@id":"https:\/\/zdrowelapy.pl\/index.php\/gdzie-pomagam\/#breadcrumb"},"inLanguage":"pl-PL","potentialAction":[{"@type":"ReadAction","target":["https:\/\/zdrowelapy.pl\/index.php\/gdzie-pomagam\/"]}]},{"@type":"ImageObject","inLanguage":"pl-PL","@id":"https:\/\/zdrowelapy.pl\/index.php\/gdzie-pomagam\/#primaryimage","url":"https:\/\/zdrowelapy.pl\/wp-content\/uploads\/2025\/05\/Pelny-format-30-of-36-scaled.jpg","contentUrl":"https:\/\/zdrowelapy.pl\/wp-content\/uploads\/2025\/05\/Pelny-format-30-of-36-scaled.jpg","width":1707,"height":2560},{"@type":"BreadcrumbList","@id":"https:\/\/zdrowelapy.pl\/index.php\/gdzie-pomagam\/#breadcrumb","itemListElement":[{"@type":"ListItem","position":1,"name":"Strona g\u0142\u00f3wna","item":"https:\/\/zdrowelapy.pl\/"},{"@type":"ListItem","position":2,"name":"Kontakt"}]},{"@type":"WebSite","@id":"https:\/\/zdrowelapy.pl\/#website","url":"https:\/\/zdrowelapy.pl\/","name":"Goldenmajko Zdrowe \u0141apy","description":"","publisher":{"@id":"https:\/\/zdrowelapy.pl\/#\/schema\/person\/2f7db41a315c7eaf06bf4c8cb584a0ba"},"potentialAction":[{"@type":"SearchAction","target":{"@type":"EntryPoint","urlTemplate":"https:\/\/zdrowelapy.pl\/?s={search_term_string}"},"query-input":{"@type":"PropertyValueSpecification","valueRequired":true,"valueName":"search_term_string"}}],"inLanguage":"pl-PL"},{"@type":["Person","Organization"],"@id":"https:\/\/zdrowelapy.pl\/#\/schema\/person\/2f7db41a315c7eaf06bf4c8cb584a0ba","name":"goldenmajko","image":{"@type":"ImageObject","inLanguage":"pl-PL","@id":"https:\/\/zdrowelapy.pl\/#\/schema\/person\/image\/","url":"https:\/\/zdrowelapy.pl\/wp-content\/uploads\/2025\/05\/logo.png","contentUrl":"https:\/\/zdrowelapy.pl\/wp-content\/uploads\/2025\/05\/logo.png","width":500,"height":250,"caption":"goldenmajko"},"logo":{"@id":"https:\/\/zdrowelapy.pl\/#\/schema\/person\/image\/"},"description":"Edyta Gajewska Kynolog, hodowca Golden Retriever\u00f3w, zoofizjoterapeuta Psy s\u0105 dla mnie najwa\u017cniejsze. Podchodz\u0119 do nich holistycznie! Moje zainteresowania to specyfika ps\u00f3w sportowych, motoryka i biomechanika ruchu oraz techniki zoofizjoterapeutyczne. Jestem Certyfikowanym Masa\u017cyst\u0105 Ps\u00f3w zajmuj\u0105cym si\u0119 terapi\u0105 manualn\u0105 z u\u017cyciem r\u00f3\u017cnorodnych technik fizjoterapeutycznych. Uko\u0144czy\u0142am szereg kurs\u00f3w w Studium Zoofizjoterapii Zwierz\u0105t. Uczestniczy\u0142am w seminariach i warsztatach prowadzonych przez \u015bwiatowej klasy specjalist\u00f3w takich jak Chris Zink, Katie Lawrance, Julie Platt, Marketa Urbaskowa czy te\u017c Pilar Laufente. Uko\u0144czy\u0142am tak\u017ce kurs Akupunktury Weterynaryjnej. Z psami \u017cyj\u0119 na co dzie\u0144. Kynologi\u0105 z zami\u0142owania zajmuj\u0119 si\u0119 od 25 lat. Prowadz\u0119 jedn\u0105 z najlepszych polskich hodowli Golden Retriever. Posiadam bogat\u0105 wiedz\u0119 dotycz\u0105c\u0105 behawioru ps\u00f3w. W wolnym czasie trenujemy nosework, je\u017adzimy na wystawy i chodzimy po g\u00f3rach.","sameAs":["http:\/\/zdrowelapy.pl","https:\/\/www.facebook.com\/goldenmajko","https:\/\/www.instagram.com\/goldenmajko\/"]}]}},"_links":{"self":[{"href":"https:\/\/zdrowelapy.pl\/index.php\/wp-json\/wp\/v2\/pages\/16","targetHints":{"allow":["GET"]}}],"collection":[{"href":"https:\/\/zdrowelapy.pl\/index.php\/wp-json\/wp\/v2\/pages"}],"about":[{"href":"https:\/\/zdrowelapy.pl\/index.php\/wp-json\/wp\/v2\/types\/page"}],"author":[{"embeddable":true,"href":"https:\/\/zdrowelapy.pl\/index.php\/wp-json\/wp\/v2\/users\/1"}],"replies":[{"embeddable":true,"href":"https:\/\/zdrowelapy.pl\/index.php\/wp-json\/wp\/v2\/comments?post=16"}],"version-history":[{"count":9,"href":"https:\/\/zdrowelapy.pl\/index.php\/wp-json\/wp\/v2\/pages\/16\/revisions"}],"predecessor-version":[{"id":421,"href":"https:\/\/zdrowelapy.pl\/index.php\/wp-json\/wp\/v2\/pages\/16\/revisions\/421"}],"wp:attachment":[{"href":"https:\/\/zdrowelapy.pl\/index.php\/wp-json\/wp\/v2\/media?parent=16"}],"curies":[{"name":"wp","href":"https:\/\/api.w.org\/{rel}","templated":true}]}}