{"id":2,"date":"2025-05-03T19:50:34","date_gmt":"2025-05-03T19:50:34","guid":{"rendered":"http:\/\/zdrowelapy.pl\/?page_id=2"},"modified":"2025-08-06T20:51:02","modified_gmt":"2025-08-06T20:51:02","slug":"kim-jestem","status":"publish","type":"page","link":"https:\/\/zdrowelapy.pl\/index.php\/kim-jestem\/","title":{"rendered":"Kim jestem?"},"content":{"rendered":"\n<hr class=\"wp-block-separator has-alpha-channel-opacity\"\/>\n\n\n\n<p><strong>Edyta Gajewska<\/strong><br>Zoofizjoterapeutka, hodowca Golden Retriever\u00f3w, kynolog<\/p>\n\n\n\n<div class=\"wp-block-media-text is-stacked-on-mobile\"><figure class=\"wp-block-media-text__media\"><img loading=\"lazy\" decoding=\"async\" width=\"683\" height=\"1024\" src=\"https:\/\/zdrowelapy.pl\/wp-content\/uploads\/2025\/05\/LOGO_Social-media-2-of-36-683x1024.jpg\" alt=\"\" class=\"wp-image-21 size-full\" srcset=\"https:\/\/zdrowelapy.pl\/wp-content\/uploads\/2025\/05\/LOGO_Social-media-2-of-36-683x1024.jpg 683w, https:\/\/zdrowelapy.pl\/wp-content\/uploads\/2025\/05\/LOGO_Social-media-2-of-36-200x300.jpg 200w, https:\/\/zdrowelapy.pl\/wp-content\/uploads\/2025\/05\/LOGO_Social-media-2-of-36-768x1152.jpg 768w, https:\/\/zdrowelapy.pl\/wp-content\/uploads\/2025\/05\/LOGO_Social-media-2-of-36-1024x1536.jpg 1024w, https:\/\/zdrowelapy.pl\/wp-content\/uploads\/2025\/05\/LOGO_Social-media-2-of-36.jpg 1365w\" sizes=\"auto, (max-width: 683px) 100vw, 683px\" \/><\/figure><div class=\"wp-block-media-text__content\">\n<p>Od ponad 25 lat moj\u0105 pasj\u0105 i codzienno\u015bci\u0105 jest kynologia, a szczeg\u00f3lnie rasa Golden Retriever, z kt\u00f3r\u0105 jestem zwi\u0105zana przede wszystkim jako mi\u0142o\u015bnik i hodowca. Prowadz\u0119 jedn\u0105 z najlepszych polskich hodowli (FCI) ps\u00f3w tej rasy. \u0141\u0105cz\u0105c wiedz\u0119, do\u015bwiadczenie i serce.<\/p>\n\n\n\n<p>Od 10 lat tworz\u0119 blog po\u015bwi\u0119cony Golden Retrieverom \u2013 miejsce, kt\u00f3re sta\u0142o si\u0119 \u017ar\u00f3d\u0142em rzetelnych informacji dla mi\u0142o\u015bnik\u00f3w tej rasy.<\/p>\n<\/div><\/div>\n\n\n\n<p class=\"has-text-align-center\"><\/p>\n\n\n\n<div class=\"wp-block-media-text has-media-on-the-right is-stacked-on-mobile\"><div class=\"wp-block-media-text__content\">\n<p>Jestem dyplomowanym zoofizjoterapeut\u0105, absolwentk\u0105 Studium Fizjoterapii Zwierz\u0105t, gdzie uko\u0144czy\u0142am liczne specjalistyczne kursy, m.in. z neurorehabilitacji, masa\u017cu ma\u0142ych zwierz\u0105t, terapii narz\u0119dziowej IASTM, terapii blizn, test\u00f3w ortopedycznych i neurologicznych oraz specyfiki ps\u00f3w sportowych. Uko\u0144czy\u0142am tak\u017ce kurs akupunktury weterynaryjnej.<\/p>\n<\/div><figure class=\"wp-block-media-text__media\"><img loading=\"lazy\" decoding=\"async\" width=\"683\" height=\"1024\" src=\"https:\/\/zdrowelapy.pl\/wp-content\/uploads\/2025\/05\/Mojo_LOGO-7-of-21-683x1024.jpg\" alt=\"\" class=\"wp-image-142 size-full\" srcset=\"https:\/\/zdrowelapy.pl\/wp-content\/uploads\/2025\/05\/Mojo_LOGO-7-of-21-683x1024.jpg 683w, https:\/\/zdrowelapy.pl\/wp-content\/uploads\/2025\/05\/Mojo_LOGO-7-of-21-200x300.jpg 200w, https:\/\/zdrowelapy.pl\/wp-content\/uploads\/2025\/05\/Mojo_LOGO-7-of-21-768x1152.jpg 768w, https:\/\/zdrowelapy.pl\/wp-content\/uploads\/2025\/05\/Mojo_LOGO-7-of-21-1024x1536.jpg 1024w, https:\/\/zdrowelapy.pl\/wp-content\/uploads\/2025\/05\/Mojo_LOGO-7-of-21.jpg 1365w\" sizes=\"auto, (max-width: 683px) 100vw, 683px\" \/><\/figure><\/div>\n\n\n\n<div class=\"wp-block-media-text is-stacked-on-mobile\"><figure class=\"wp-block-media-text__media\"><img loading=\"lazy\" decoding=\"async\" width=\"683\" height=\"1024\" src=\"https:\/\/zdrowelapy.pl\/wp-content\/uploads\/2025\/05\/Mojo_LOGO-6-of-21-683x1024.jpg\" alt=\"\" class=\"wp-image-141 size-full\" srcset=\"https:\/\/zdrowelapy.pl\/wp-content\/uploads\/2025\/05\/Mojo_LOGO-6-of-21-683x1024.jpg 683w, https:\/\/zdrowelapy.pl\/wp-content\/uploads\/2025\/05\/Mojo_LOGO-6-of-21-200x300.jpg 200w, https:\/\/zdrowelapy.pl\/wp-content\/uploads\/2025\/05\/Mojo_LOGO-6-of-21-768x1152.jpg 768w, https:\/\/zdrowelapy.pl\/wp-content\/uploads\/2025\/05\/Mojo_LOGO-6-of-21-1024x1536.jpg 1024w, https:\/\/zdrowelapy.pl\/wp-content\/uploads\/2025\/05\/Mojo_LOGO-6-of-21.jpg 1365w\" sizes=\"auto, (max-width: 683px) 100vw, 683px\" \/><\/figure><div class=\"wp-block-media-text__content\">\n<p>Rozwijam si\u0119 pod okiem uznanych specjalist\u00f3w z ca\u0142ego \u015bwiata \u2013 uczestniczy\u0142am w seminariach i warsztatach prowadzonych m.in. przez Chris Zink, Katie Lawrence, Julie Platt, Market\u0119 Urbaskov\u0105, Pilar Lafuent\u0119, Angel\u0119 Martins czy Curtisa Dewey`a. <\/p>\n\n\n\n<p>Z wykszta\u0142cenia jestem magistrem in\u017cynierem biotechnologii, absolwentk\u0105 Politechniki Wroc\u0142awskiej. Prowadzi\u0142am r\u00f3wnie\u017c projekt badawczy na uczelni technicznej w Antwerpii w Belgii.<\/p>\n<\/div><\/div>\n\n\n\n<div class=\"wp-block-media-text has-media-on-the-right is-stacked-on-mobile\"><div class=\"wp-block-media-text__content\">\n<p>Na co dzie\u0144 \u0142\u0105cz\u0119 wiedz\u0119 z zakresu fizjoterapii, biomechaniki ruchu i behawiorystyki, by jak najlepiej wspiera\u0107 psy \u2013 zar\u00f3wno te sportowe, jak i towarzysz\u0105ce. W pracy kieruj\u0119 si\u0119 podej\u015bciem holistycznym, a w \u017cyciu codziennym \u2013 sercem.<\/p>\n\n\n\n<p>W wolnym czasie trenuj\u0119 z psami nosework, uczestnicz\u0119 w wystawach i odkrywam z moimi psami g\u00f3rskie szlaki.<\/p>\n<\/div><figure class=\"wp-block-media-text__media\"><img loading=\"lazy\" decoding=\"async\" width=\"683\" height=\"1024\" src=\"https:\/\/zdrowelapy.pl\/wp-content\/uploads\/2025\/05\/LOGO_Social-media-24-of-36-683x1024.jpg\" alt=\"\" class=\"wp-image-161 size-full\" srcset=\"https:\/\/zdrowelapy.pl\/wp-content\/uploads\/2025\/05\/LOGO_Social-media-24-of-36-683x1024.jpg 683w, https:\/\/zdrowelapy.pl\/wp-content\/uploads\/2025\/05\/LOGO_Social-media-24-of-36-200x300.jpg 200w, https:\/\/zdrowelapy.pl\/wp-content\/uploads\/2025\/05\/LOGO_Social-media-24-of-36-768x1152.jpg 768w, https:\/\/zdrowelapy.pl\/wp-content\/uploads\/2025\/05\/LOGO_Social-media-24-of-36-1024x1536.jpg 1024w, https:\/\/zdrowelapy.pl\/wp-content\/uploads\/2025\/05\/LOGO_Social-media-24-of-36.jpg 1365w\" sizes=\"auto, (max-width: 683px) 100vw, 683px\" \/><\/figure><\/div>\n\n\n\n<hr class=\"wp-block-separator has-alpha-channel-opacity\"\/>\n\n\n\n<h3 class=\"wp-block-heading\">\ud83d\udcc5 Um\u00f3w si\u0119 na wizyt\u0119 \u2013 zadbaj o komfort swojego zwierzaka<\/h3>\n\n\n\n<p>Ka\u017cde zwierz\u0119 to osobna historia. W Goldenmajko Zdrowe \u0141apy nie pracujemy schematami \u2013 tworzymy <strong>indywidualne plany terapii<\/strong>, dopasowane do stanu zdrowia, temperamentu i mo\u017cliwo\u015bci Twojego pupila.<\/p>\n\n\n\n<p>Zapraszamy opiekun\u00f3w ps\u00f3w i kot\u00f3w w ka\u017cdym wieku \u2013 od szczeni\u0105t po senior\u00f3w. Niezale\u017cnie, czy Tw\u00f3j zwierzak wraca do zdrowia po operacji, ma przewlek\u0142y problem ruchowy, czy po prostu potrzebuje wsparcia i dotyku \u2013 jeste\u015bmy tu, by pom\u00f3c.<\/p>\n\n\n\n<p>\ud83d\udcde Zadzwo\u0144: 888343269<br>\ud83d\udce7 Napisz: goldenmajko@poczta.onet.pl<br>\ud83c\udf10 Znajd\u017a nas online: FB: goldenmajko IG: goldenmajko<\/p>\n\n\n\n<p><strong>Goldenmajko Zdrowe \u0141apy \u2013 bo zdrowie Twojego zwierzaka zaczyna si\u0119 od troskliwego dotyku.<\/strong><\/p>\n","protected":false},"excerpt":{"rendered":"<p>Edyta GajewskaZoofizjoterapeutka, hodowca Golden Retriever\u00f3w, kynolog Od ponad 25 lat moj\u0105 pasj\u0105 i codzienno\u015bci\u0105 jest kynologia, a szczeg\u00f3lnie rasa Golden Retriever, z kt\u00f3r\u0105 jestem zwi\u0105zana przede wszystkim jako mi\u0142o\u015bnik i hodowca. Prowadz\u0119 jedn\u0105 z najlepszych polskich hodowli (FCI) ps\u00f3w tej rasy. \u0141\u0105cz\u0105c wiedz\u0119, do\u015bwiadczenie i serce. Od 10 lat tworz\u0119 blog po\u015bwi\u0119cony Golden Retrieverom \u2013 [&hellip;]<\/p>\n","protected":false},"author":1,"featured_media":0,"parent":0,"menu_order":0,"comment_status":"closed","ping_status":"closed","template":"","meta":{"footnotes":""},"class_list":["post-2","page","type-page","status-publish","hentry"],"yoast_head":"<!-- This site is optimized with the Yoast SEO plugin v25.6 - https:\/\/yoast.com\/wordpress\/plugins\/seo\/ -->\n<title>Kim jestem? - Goldenmajko Zdrowe \u0141apy<\/title>\n<meta name=\"robots\" content=\"index, follow, max-snippet:-1, max-image-preview:large, max-video-preview:-1\" \/>\n<link rel=\"canonical\" href=\"https:\/\/zdrowelapy.pl\/index.php\/kim-jestem\/\" \/>\n<meta property=\"og:locale\" content=\"pl_PL\" \/>\n<meta property=\"og:type\" content=\"article\" \/>\n<meta property=\"og:title\" content=\"Kim jestem? - Goldenmajko Zdrowe \u0141apy\" \/>\n<meta property=\"og:description\" content=\"Edyta GajewskaZoofizjoterapeutka, hodowca Golden Retriever\u00f3w, kynolog Od ponad 25 lat moj\u0105 pasj\u0105 i codzienno\u015bci\u0105 jest kynologia, a szczeg\u00f3lnie rasa Golden Retriever, z kt\u00f3r\u0105 jestem zwi\u0105zana przede wszystkim jako mi\u0142o\u015bnik i hodowca. Prowadz\u0119 jedn\u0105 z najlepszych polskich hodowli (FCI) ps\u00f3w tej rasy. \u0141\u0105cz\u0105c wiedz\u0119, do\u015bwiadczenie i serce. Od 10 lat tworz\u0119 blog po\u015bwi\u0119cony Golden Retrieverom \u2013 [&hellip;]\" \/>\n<meta property=\"og:url\" content=\"https:\/\/zdrowelapy.pl\/index.php\/kim-jestem\/\" \/>\n<meta property=\"og:site_name\" content=\"Goldenmajko Zdrowe \u0141apy\" \/>\n<meta property=\"article:publisher\" content=\"https:\/\/www.facebook.com\/goldenmajko\" \/>\n<meta property=\"article:modified_time\" content=\"2025-08-06T20:51:02+00:00\" \/>\n<meta property=\"og:image\" content=\"http:\/\/zdrowelapy.pl\/wp-content\/uploads\/2025\/05\/LOGO_Social-media-2-of-36-683x1024.jpg\" \/>\n<meta name=\"twitter:card\" content=\"summary_large_image\" \/>\n<meta name=\"twitter:label1\" content=\"Szacowany czas czytania\" \/>\n\t<meta name=\"twitter:data1\" content=\"2 minuty\" \/>\n<script type=\"application\/ld+json\" class=\"yoast-schema-graph\">{\"@context\":\"https:\/\/schema.org\",\"@graph\":[{\"@type\":\"WebPage\",\"@id\":\"https:\/\/zdrowelapy.pl\/index.php\/kim-jestem\/\",\"url\":\"https:\/\/zdrowelapy.pl\/index.php\/kim-jestem\/\",\"name\":\"Kim jestem? - Goldenmajko Zdrowe \u0141apy\",\"isPartOf\":{\"@id\":\"https:\/\/zdrowelapy.pl\/#website\"},\"primaryImageOfPage\":{\"@id\":\"https:\/\/zdrowelapy.pl\/index.php\/kim-jestem\/#primaryimage\"},\"image\":{\"@id\":\"https:\/\/zdrowelapy.pl\/index.php\/kim-jestem\/#primaryimage\"},\"thumbnailUrl\":\"http:\/\/zdrowelapy.pl\/wp-content\/uploads\/2025\/05\/LOGO_Social-media-2-of-36-683x1024.jpg\",\"datePublished\":\"2025-05-03T19:50:34+00:00\",\"dateModified\":\"2025-08-06T20:51:02+00:00\",\"breadcrumb\":{\"@id\":\"https:\/\/zdrowelapy.pl\/index.php\/kim-jestem\/#breadcrumb\"},\"inLanguage\":\"pl-PL\",\"potentialAction\":[{\"@type\":\"ReadAction\",\"target\":[\"https:\/\/zdrowelapy.pl\/index.php\/kim-jestem\/\"]}]},{\"@type\":\"ImageObject\",\"inLanguage\":\"pl-PL\",\"@id\":\"https:\/\/zdrowelapy.pl\/index.php\/kim-jestem\/#primaryimage\",\"url\":\"http:\/\/zdrowelapy.pl\/wp-content\/uploads\/2025\/05\/LOGO_Social-media-2-of-36-683x1024.jpg\",\"contentUrl\":\"http:\/\/zdrowelapy.pl\/wp-content\/uploads\/2025\/05\/LOGO_Social-media-2-of-36-683x1024.jpg\"},{\"@type\":\"BreadcrumbList\",\"@id\":\"https:\/\/zdrowelapy.pl\/index.php\/kim-jestem\/#breadcrumb\",\"itemListElement\":[{\"@type\":\"ListItem\",\"position\":1,\"name\":\"Strona g\u0142\u00f3wna\",\"item\":\"https:\/\/zdrowelapy.pl\/\"},{\"@type\":\"ListItem\",\"position\":2,\"name\":\"Kim jestem?\"}]},{\"@type\":\"WebSite\",\"@id\":\"https:\/\/zdrowelapy.pl\/#website\",\"url\":\"https:\/\/zdrowelapy.pl\/\",\"name\":\"Goldenmajko Zdrowe \u0141apy\",\"description\":\"\",\"publisher\":{\"@id\":\"https:\/\/zdrowelapy.pl\/#\/schema\/person\/2f7db41a315c7eaf06bf4c8cb584a0ba\"},\"potentialAction\":[{\"@type\":\"SearchAction\",\"target\":{\"@type\":\"EntryPoint\",\"urlTemplate\":\"https:\/\/zdrowelapy.pl\/?s={search_term_string}\"},\"query-input\":{\"@type\":\"PropertyValueSpecification\",\"valueRequired\":true,\"valueName\":\"search_term_string\"}}],\"inLanguage\":\"pl-PL\"},{\"@type\":[\"Person\",\"Organization\"],\"@id\":\"https:\/\/zdrowelapy.pl\/#\/schema\/person\/2f7db41a315c7eaf06bf4c8cb584a0ba\",\"name\":\"goldenmajko\",\"image\":{\"@type\":\"ImageObject\",\"inLanguage\":\"pl-PL\",\"@id\":\"https:\/\/zdrowelapy.pl\/#\/schema\/person\/image\/\",\"url\":\"https:\/\/zdrowelapy.pl\/wp-content\/uploads\/2025\/05\/logo.png\",\"contentUrl\":\"https:\/\/zdrowelapy.pl\/wp-content\/uploads\/2025\/05\/logo.png\",\"width\":500,\"height\":250,\"caption\":\"goldenmajko\"},\"logo\":{\"@id\":\"https:\/\/zdrowelapy.pl\/#\/schema\/person\/image\/\"},\"description\":\"Edyta Gajewska Kynolog, hodowca Golden Retriever\u00f3w, zoofizjoterapeuta Psy s\u0105 dla mnie najwa\u017cniejsze. Podchodz\u0119 do nich holistycznie! Moje zainteresowania to specyfika ps\u00f3w sportowych, motoryka i biomechanika ruchu oraz techniki zoofizjoterapeutyczne. Jestem Certyfikowanym Masa\u017cyst\u0105 Ps\u00f3w zajmuj\u0105cym si\u0119 terapi\u0105 manualn\u0105 z u\u017cyciem r\u00f3\u017cnorodnych technik fizjoterapeutycznych. Uko\u0144czy\u0142am szereg kurs\u00f3w w Studium Zoofizjoterapii Zwierz\u0105t. Uczestniczy\u0142am w seminariach i warsztatach prowadzonych przez \u015bwiatowej klasy specjalist\u00f3w takich jak Chris Zink, Katie Lawrance, Julie Platt, Marketa Urbaskowa czy te\u017c Pilar Laufente. Uko\u0144czy\u0142am tak\u017ce kurs Akupunktury Weterynaryjnej. Z psami \u017cyj\u0119 na co dzie\u0144. Kynologi\u0105 z zami\u0142owania zajmuj\u0119 si\u0119 od 25 lat. Prowadz\u0119 jedn\u0105 z najlepszych polskich hodowli Golden Retriever. Posiadam bogat\u0105 wiedz\u0119 dotycz\u0105c\u0105 behawioru ps\u00f3w. W wolnym czasie trenujemy nosework, je\u017adzimy na wystawy i chodzimy po g\u00f3rach.\",\"sameAs\":[\"http:\/\/zdrowelapy.pl\",\"https:\/\/www.facebook.com\/goldenmajko\",\"https:\/\/www.instagram.com\/goldenmajko\/\"]}]}<\/script>\n<!-- \/ Yoast SEO plugin. -->","yoast_head_json":{"title":"Kim jestem? - Goldenmajko Zdrowe \u0141apy","robots":{"index":"index","follow":"follow","max-snippet":"max-snippet:-1","max-image-preview":"max-image-preview:large","max-video-preview":"max-video-preview:-1"},"canonical":"https:\/\/zdrowelapy.pl\/index.php\/kim-jestem\/","og_locale":"pl_PL","og_type":"article","og_title":"Kim jestem? - Goldenmajko Zdrowe \u0141apy","og_description":"Edyta GajewskaZoofizjoterapeutka, hodowca Golden Retriever\u00f3w, kynolog Od ponad 25 lat moj\u0105 pasj\u0105 i codzienno\u015bci\u0105 jest kynologia, a szczeg\u00f3lnie rasa Golden Retriever, z kt\u00f3r\u0105 jestem zwi\u0105zana przede wszystkim jako mi\u0142o\u015bnik i hodowca. Prowadz\u0119 jedn\u0105 z najlepszych polskich hodowli (FCI) ps\u00f3w tej rasy. \u0141\u0105cz\u0105c wiedz\u0119, do\u015bwiadczenie i serce. Od 10 lat tworz\u0119 blog po\u015bwi\u0119cony Golden Retrieverom \u2013 [&hellip;]","og_url":"https:\/\/zdrowelapy.pl\/index.php\/kim-jestem\/","og_site_name":"Goldenmajko Zdrowe \u0141apy","article_publisher":"https:\/\/www.facebook.com\/goldenmajko","article_modified_time":"2025-08-06T20:51:02+00:00","og_image":[{"url":"http:\/\/zdrowelapy.pl\/wp-content\/uploads\/2025\/05\/LOGO_Social-media-2-of-36-683x1024.jpg","type":"","width":"","height":""}],"twitter_card":"summary_large_image","twitter_misc":{"Szacowany czas czytania":"2 minuty"},"schema":{"@context":"https:\/\/schema.org","@graph":[{"@type":"WebPage","@id":"https:\/\/zdrowelapy.pl\/index.php\/kim-jestem\/","url":"https:\/\/zdrowelapy.pl\/index.php\/kim-jestem\/","name":"Kim jestem? - Goldenmajko Zdrowe \u0141apy","isPartOf":{"@id":"https:\/\/zdrowelapy.pl\/#website"},"primaryImageOfPage":{"@id":"https:\/\/zdrowelapy.pl\/index.php\/kim-jestem\/#primaryimage"},"image":{"@id":"https:\/\/zdrowelapy.pl\/index.php\/kim-jestem\/#primaryimage"},"thumbnailUrl":"http:\/\/zdrowelapy.pl\/wp-content\/uploads\/2025\/05\/LOGO_Social-media-2-of-36-683x1024.jpg","datePublished":"2025-05-03T19:50:34+00:00","dateModified":"2025-08-06T20:51:02+00:00","breadcrumb":{"@id":"https:\/\/zdrowelapy.pl\/index.php\/kim-jestem\/#breadcrumb"},"inLanguage":"pl-PL","potentialAction":[{"@type":"ReadAction","target":["https:\/\/zdrowelapy.pl\/index.php\/kim-jestem\/"]}]},{"@type":"ImageObject","inLanguage":"pl-PL","@id":"https:\/\/zdrowelapy.pl\/index.php\/kim-jestem\/#primaryimage","url":"http:\/\/zdrowelapy.pl\/wp-content\/uploads\/2025\/05\/LOGO_Social-media-2-of-36-683x1024.jpg","contentUrl":"http:\/\/zdrowelapy.pl\/wp-content\/uploads\/2025\/05\/LOGO_Social-media-2-of-36-683x1024.jpg"},{"@type":"BreadcrumbList","@id":"https:\/\/zdrowelapy.pl\/index.php\/kim-jestem\/#breadcrumb","itemListElement":[{"@type":"ListItem","position":1,"name":"Strona g\u0142\u00f3wna","item":"https:\/\/zdrowelapy.pl\/"},{"@type":"ListItem","position":2,"name":"Kim jestem?"}]},{"@type":"WebSite","@id":"https:\/\/zdrowelapy.pl\/#website","url":"https:\/\/zdrowelapy.pl\/","name":"Goldenmajko Zdrowe \u0141apy","description":"","publisher":{"@id":"https:\/\/zdrowelapy.pl\/#\/schema\/person\/2f7db41a315c7eaf06bf4c8cb584a0ba"},"potentialAction":[{"@type":"SearchAction","target":{"@type":"EntryPoint","urlTemplate":"https:\/\/zdrowelapy.pl\/?s={search_term_string}"},"query-input":{"@type":"PropertyValueSpecification","valueRequired":true,"valueName":"search_term_string"}}],"inLanguage":"pl-PL"},{"@type":["Person","Organization"],"@id":"https:\/\/zdrowelapy.pl\/#\/schema\/person\/2f7db41a315c7eaf06bf4c8cb584a0ba","name":"goldenmajko","image":{"@type":"ImageObject","inLanguage":"pl-PL","@id":"https:\/\/zdrowelapy.pl\/#\/schema\/person\/image\/","url":"https:\/\/zdrowelapy.pl\/wp-content\/uploads\/2025\/05\/logo.png","contentUrl":"https:\/\/zdrowelapy.pl\/wp-content\/uploads\/2025\/05\/logo.png","width":500,"height":250,"caption":"goldenmajko"},"logo":{"@id":"https:\/\/zdrowelapy.pl\/#\/schema\/person\/image\/"},"description":"Edyta Gajewska Kynolog, hodowca Golden Retriever\u00f3w, zoofizjoterapeuta Psy s\u0105 dla mnie najwa\u017cniejsze. Podchodz\u0119 do nich holistycznie! Moje zainteresowania to specyfika ps\u00f3w sportowych, motoryka i biomechanika ruchu oraz techniki zoofizjoterapeutyczne. Jestem Certyfikowanym Masa\u017cyst\u0105 Ps\u00f3w zajmuj\u0105cym si\u0119 terapi\u0105 manualn\u0105 z u\u017cyciem r\u00f3\u017cnorodnych technik fizjoterapeutycznych. Uko\u0144czy\u0142am szereg kurs\u00f3w w Studium Zoofizjoterapii Zwierz\u0105t. Uczestniczy\u0142am w seminariach i warsztatach prowadzonych przez \u015bwiatowej klasy specjalist\u00f3w takich jak Chris Zink, Katie Lawrance, Julie Platt, Marketa Urbaskowa czy te\u017c Pilar Laufente. Uko\u0144czy\u0142am tak\u017ce kurs Akupunktury Weterynaryjnej. Z psami \u017cyj\u0119 na co dzie\u0144. Kynologi\u0105 z zami\u0142owania zajmuj\u0119 si\u0119 od 25 lat. Prowadz\u0119 jedn\u0105 z najlepszych polskich hodowli Golden Retriever. Posiadam bogat\u0105 wiedz\u0119 dotycz\u0105c\u0105 behawioru ps\u00f3w. W wolnym czasie trenujemy nosework, je\u017adzimy na wystawy i chodzimy po g\u00f3rach.","sameAs":["http:\/\/zdrowelapy.pl","https:\/\/www.facebook.com\/goldenmajko","https:\/\/www.instagram.com\/goldenmajko\/"]}]}},"_links":{"self":[{"href":"https:\/\/zdrowelapy.pl\/index.php\/wp-json\/wp\/v2\/pages\/2","targetHints":{"allow":["GET"]}}],"collection":[{"href":"https:\/\/zdrowelapy.pl\/index.php\/wp-json\/wp\/v2\/pages"}],"about":[{"href":"https:\/\/zdrowelapy.pl\/index.php\/wp-json\/wp\/v2\/types\/page"}],"author":[{"embeddable":true,"href":"https:\/\/zdrowelapy.pl\/index.php\/wp-json\/wp\/v2\/users\/1"}],"replies":[{"embeddable":true,"href":"https:\/\/zdrowelapy.pl\/index.php\/wp-json\/wp\/v2\/comments?post=2"}],"version-history":[{"count":13,"href":"https:\/\/zdrowelapy.pl\/index.php\/wp-json\/wp\/v2\/pages\/2\/revisions"}],"predecessor-version":[{"id":580,"href":"https:\/\/zdrowelapy.pl\/index.php\/wp-json\/wp\/v2\/pages\/2\/revisions\/580"}],"wp:attachment":[{"href":"https:\/\/zdrowelapy.pl\/index.php\/wp-json\/wp\/v2\/media?parent=2"}],"curies":[{"name":"wp","href":"https:\/\/api.w.org\/{rel}","templated":true}]}}