{"id":317,"date":"2025-05-04T20:50:12","date_gmt":"2025-05-04T20:50:12","guid":{"rendered":"https:\/\/zdrowelapy.pl\/?page_id=317"},"modified":"2025-05-09T08:09:23","modified_gmt":"2025-05-09T08:09:23","slug":"testowa","status":"publish","type":"page","link":"https:\/\/zdrowelapy.pl\/index.php\/fizjoterapia-i-rehabilitacja\/testowa\/","title":{"rendered":"Akupunktura weterynaryjna"},"content":{"rendered":"\n<hr class=\"wp-block-separator has-alpha-channel-opacity\"\/>\n\n\n\n<p>\ud83d\udc3e <strong>Akupunktura weterynaryjna \u2013 naturalna pomoc dla Twojego pupila<\/strong><\/p>\n\n\n\n<ol class=\"wp-block-list\">\n<li>\ud83e\uddb4 <em>B\u00f3le staw\u00f3w i kr\u0119gos\u0142upa<\/em><\/li>\n\n\n\n<li>\ud83e\udde0 <em>Choroby neurologiczne<\/em><\/li>\n\n\n\n<li>\ud83d\udc15 <em>Rekonwalescencja po operacjach<\/em><\/li>\n\n\n\n<li>\ud83e\ude7a <em>Problemy z trawieniem i nietrzymaniem moczu<\/em><\/li>\n\n\n\n<li>\ud83d\udc3e <em>Wsparcie dla senior\u00f3w i alergik\u00f3w<\/em><\/li>\n<\/ol>\n\n\n\n<p><br>\ud83c\udf3f <em>Bezpiecznie. Skutecznie. Z mi\u0142o\u015bci\u0105 do zwierz\u0105t.<\/em><br>\ud83d\udccd <em>Zdrowe \u0141apy \u2013 Wroc\u0142aw i okolice<\/em><\/p>\n\n\n\n<hr class=\"wp-block-separator has-alpha-channel-opacity\"\/>\n\n\n\n<p>Akupunktura weterynaryjna to sprawdzona i bezpieczna metoda wspomagaj\u0105ca leczenie wielu schorze\u0144 u ps\u00f3w i kot\u00f3w. Opiera si\u0119 na tradycyjnej medycynie chi\u0144skiej i polega na stymulacji okre\u015blonych punkt\u00f3w na ciele zwierz\u0119cia za pomoc\u0105 bardzo cienkich igie\u0142. Zabieg ten wp\u0142ywa na popraw\u0119 kr\u0105\u017cenia, r\u00f3wnowag\u0119 energetyczn\u0105 organizmu oraz naturalne procesy regeneracyjne.<\/p>\n\n\n\n<p>W <strong>Zdrowych \u0141apach<\/strong> \u0142\u0105czymy wiedz\u0119 z zakresu nowoczesnej fizjoterapii z holistycznym podej\u015bciem do zdrowia zwierz\u0105t. Akupunktura mo\u017ce by\u0107 stosowana jako terapia uzupe\u0142niaj\u0105ca w leczeniu b\u00f3lu, chor\u00f3b neurologicznych, problem\u00f3w ortopedycznych, przewlek\u0142ych stan\u00f3w zapalnych czy wsparcia rekonwalescencji po zabiegach chirurgicznych.<\/p>\n\n\n\n<p>Ka\u017cdy zabieg przeprowadzany jest indywidualnie, z uwzgl\u0119dnieniem potrzeb danego zwierz\u0119cia oraz w oparciu o konsultacj\u0119 weterynaryjn\u0105. Dzi\u0119ki mojemu do\u015bwiadczeniu i czu\u0142emu podej\u015bciu do pacjent\u00f3w, akupunktura staje si\u0119 dla nich nie tylko skuteczna, ale tak\u017ce komfortowa.<\/p>\n\n\n\n<p>Zapraszam do skorzystania z tej \u0142agodnej, a zarazem bardzo skutecznej formy terapii \u2013 bo zdrowie Twojego pupila zas\u0142uguje na najlepsz\u0105 opiek\u0119.<\/p>\n\n\n\n<h4 class=\"wp-block-heading\">Wskazania do akupunktury u ps\u00f3w i kot\u00f3w:<\/h4>\n\n\n\n<ul class=\"wp-block-list\">\n<li>b\u00f3le kr\u0119gos\u0142upa i staw\u00f3w (np. dysplazja, spondyloza, artroza)<\/li>\n\n\n\n<li>stany po urazach i operacjach ortopedycznych<\/li>\n\n\n\n<li>choroby neurologiczne (np. pora\u017cenia, niedow\u0142ady, padaczka idiopatyczna)<\/li>\n\n\n\n<li>problemy z uk\u0142adem pokarmowym (np. przewlek\u0142e biegunki, zaparcia)<\/li>\n\n\n\n<li>nietrzymanie moczu<\/li>\n\n\n\n<li>alergie i choroby sk\u00f3ry<\/li>\n\n\n\n<li>poprawa jako\u015bci \u017cycia u zwierz\u0105t starszych (geriatrycznych)<\/li>\n\n\n\n<li>wsparcie uk\u0142adu odporno\u015bciowego i og\u00f3lnej kondycji organizmu<\/li>\n<\/ul>\n\n\n\n<h4 class=\"wp-block-heading\">Najcz\u0119stsze pytania:<\/h4>\n\n\n\n<p><strong>Czy akupunktura boli?<\/strong><br>Nie \u2013 wi\u0119kszo\u015b\u0107 zwierz\u0105t dobrze toleruje zabieg, a ig\u0142y s\u0105 bardzo cienkie i delikatne. Cz\u0119sto pacjenci relaksuj\u0105 si\u0119 lub zasypiaj\u0105 podczas sesji.<\/p>\n\n\n\n<p><strong>Ile trwa jeden zabieg?<\/strong><br>Pojedyncza sesja trwa zwykle od 20 do 40 minut, w zale\u017cno\u015bci od potrzeb i stanu zdrowia zwierz\u0119cia.<\/p>\n\n\n\n<p><strong>Jak cz\u0119sto trzeba powtarza\u0107 akupunktur\u0119?<\/strong><br>Na pocz\u0105tku zabiegi wykonuje si\u0119 1\u20132 razy w tygodniu, a po uzyskaniu poprawy \u2013 rzadziej, np. raz na kilka tygodni w celu podtrzymania efekt\u00f3w.<\/p>\n\n\n\n<p><strong>Czy akupunktura mo\u017ce zast\u0105pi\u0107 leczenie farmakologiczne?<\/strong><br>To terapia uzupe\u0142niaj\u0105ca \u2013 mo\u017ce pom\u00f3c zmniejszy\u0107 dawki lek\u00f3w lub skr\u00f3ci\u0107 czas ich stosowania, ale nie zast\u0119puje diagnozy i opieki weterynaryjnej.<\/p>\n\n\n\n<hr class=\"wp-block-separator has-alpha-channel-opacity\"\/>\n\n\n\n<h3 class=\"wp-block-heading\">\ud83d\udcc5 Um\u00f3w si\u0119 na wizyt\u0119 \u2013 zadbaj o komfort swojego zwierzaka<\/h3>\n\n\n\n<p>Ka\u017cde zwierz\u0119 to osobna historia. W Goldenmajko Zdrowe \u0141apy nie pracujemy schematami \u2013 tworzymy <strong>indywidualne plany terapii<\/strong>, dopasowane do stanu zdrowia, temperamentu i mo\u017cliwo\u015bci Twojego pupila.<\/p>\n\n\n\n<p>Zapraszamy opiekun\u00f3w ps\u00f3w i kot\u00f3w w ka\u017cdym wieku \u2013 od szczeni\u0105t po senior\u00f3w. Niezale\u017cnie, czy Tw\u00f3j zwierzak wraca do zdrowia po operacji, ma przewlek\u0142y problem ruchowy, czy po prostu potrzebuje wsparcia i dotyku \u2013 jeste\u015bmy tu, by pom\u00f3c.<\/p>\n\n\n\n<p>\ud83d\udcde Zadzwo\u0144: 888343269<br>\ud83d\udce7 Napisz: goldenmajko@poczta.onet.pl<br>\ud83c\udf10 Znajd\u017a nas online: FB: goldenmajko IG: goldenmajko<\/p>\n\n\n\n<p><strong>Goldenmajko Zdrowe \u0141apy \u2013 bo zdrowie Twojego zwierzaka zaczyna si\u0119 od troskliwego dotyku.<\/strong><\/p>\n\n\n\n<div class=\"wp-block-buttons is-content-justification-center is-layout-flex wp-container-core-buttons-is-layout-a89b3969 wp-block-buttons-is-layout-flex\">\n<div class=\"wp-block-button\"><a class=\"wp-block-button__link has-text-align-center wp-element-button\" href=\"https:\/\/zdrowelapy.pl\/index.php\/gdzie-pomagam\/\">Um\u00f3w si\u0119 na wizyt\u0119<\/a><\/div>\n<\/div>\n\n\n\n<p><\/p>\n\n\n\n<p><\/p>\n","protected":false},"excerpt":{"rendered":"<p>\ud83d\udc3e Akupunktura weterynaryjna \u2013 naturalna pomoc dla Twojego pupila \ud83c\udf3f Bezpiecznie. Skutecznie. Z mi\u0142o\u015bci\u0105 do zwierz\u0105t.\ud83d\udccd Zdrowe \u0141apy \u2013 Wroc\u0142aw i okolice Akupunktura weterynaryjna to sprawdzona i bezpieczna metoda wspomagaj\u0105ca leczenie wielu schorze\u0144 u ps\u00f3w i kot\u00f3w. Opiera si\u0119 na tradycyjnej medycynie chi\u0144skiej i polega na stymulacji okre\u015blonych punkt\u00f3w na ciele zwierz\u0119cia za pomoc\u0105 bardzo [&hellip;]<\/p>\n","protected":false},"author":1,"featured_media":0,"parent":176,"menu_order":0,"comment_status":"closed","ping_status":"closed","template":"","meta":{"footnotes":""},"class_list":["post-317","page","type-page","status-publish","hentry"],"yoast_head":"<!-- This site is optimized with the Yoast SEO plugin v25.6 - https:\/\/yoast.com\/wordpress\/plugins\/seo\/ -->\n<title>Akupunktura weterynaryjna - Goldenmajko Zdrowe \u0141apy<\/title>\n<meta name=\"robots\" content=\"index, follow, max-snippet:-1, max-image-preview:large, max-video-preview:-1\" \/>\n<link rel=\"canonical\" href=\"https:\/\/zdrowelapy.pl\/index.php\/fizjoterapia-i-rehabilitacja\/testowa\/\" \/>\n<meta property=\"og:locale\" content=\"pl_PL\" \/>\n<meta property=\"og:type\" content=\"article\" \/>\n<meta property=\"og:title\" content=\"Akupunktura weterynaryjna - Goldenmajko Zdrowe \u0141apy\" \/>\n<meta property=\"og:description\" content=\"\ud83d\udc3e Akupunktura weterynaryjna \u2013 naturalna pomoc dla Twojego pupila \ud83c\udf3f Bezpiecznie. Skutecznie. Z mi\u0142o\u015bci\u0105 do zwierz\u0105t.\ud83d\udccd Zdrowe \u0141apy \u2013 Wroc\u0142aw i okolice Akupunktura weterynaryjna to sprawdzona i bezpieczna metoda wspomagaj\u0105ca leczenie wielu schorze\u0144 u ps\u00f3w i kot\u00f3w. Opiera si\u0119 na tradycyjnej medycynie chi\u0144skiej i polega na stymulacji okre\u015blonych punkt\u00f3w na ciele zwierz\u0119cia za pomoc\u0105 bardzo [&hellip;]\" \/>\n<meta property=\"og:url\" content=\"https:\/\/zdrowelapy.pl\/index.php\/fizjoterapia-i-rehabilitacja\/testowa\/\" \/>\n<meta property=\"og:site_name\" content=\"Goldenmajko Zdrowe \u0141apy\" \/>\n<meta property=\"article:publisher\" content=\"https:\/\/www.facebook.com\/goldenmajko\" \/>\n<meta property=\"article:modified_time\" content=\"2025-05-09T08:09:23+00:00\" \/>\n<meta name=\"twitter:card\" content=\"summary_large_image\" \/>\n<meta name=\"twitter:label1\" content=\"Szacowany czas czytania\" \/>\n\t<meta name=\"twitter:data1\" content=\"3 minuty\" \/>\n<script type=\"application\/ld+json\" class=\"yoast-schema-graph\">{\"@context\":\"https:\/\/schema.org\",\"@graph\":[{\"@type\":\"WebPage\",\"@id\":\"https:\/\/zdrowelapy.pl\/index.php\/fizjoterapia-i-rehabilitacja\/testowa\/\",\"url\":\"https:\/\/zdrowelapy.pl\/index.php\/fizjoterapia-i-rehabilitacja\/testowa\/\",\"name\":\"Akupunktura weterynaryjna - Goldenmajko Zdrowe \u0141apy\",\"isPartOf\":{\"@id\":\"https:\/\/zdrowelapy.pl\/#website\"},\"datePublished\":\"2025-05-04T20:50:12+00:00\",\"dateModified\":\"2025-05-09T08:09:23+00:00\",\"breadcrumb\":{\"@id\":\"https:\/\/zdrowelapy.pl\/index.php\/fizjoterapia-i-rehabilitacja\/testowa\/#breadcrumb\"},\"inLanguage\":\"pl-PL\",\"potentialAction\":[{\"@type\":\"ReadAction\",\"target\":[\"https:\/\/zdrowelapy.pl\/index.php\/fizjoterapia-i-rehabilitacja\/testowa\/\"]}]},{\"@type\":\"BreadcrumbList\",\"@id\":\"https:\/\/zdrowelapy.pl\/index.php\/fizjoterapia-i-rehabilitacja\/testowa\/#breadcrumb\",\"itemListElement\":[{\"@type\":\"ListItem\",\"position\":1,\"name\":\"Strona g\u0142\u00f3wna\",\"item\":\"https:\/\/zdrowelapy.pl\/\"},{\"@type\":\"ListItem\",\"position\":2,\"name\":\"Fizjoterapia i Rehabilitacja\",\"item\":\"https:\/\/zdrowelapy.pl\/index.php\/fizjoterapia-i-rehabilitacja\/\"},{\"@type\":\"ListItem\",\"position\":3,\"name\":\"Akupunktura weterynaryjna\"}]},{\"@type\":\"WebSite\",\"@id\":\"https:\/\/zdrowelapy.pl\/#website\",\"url\":\"https:\/\/zdrowelapy.pl\/\",\"name\":\"Goldenmajko Zdrowe \u0141apy\",\"description\":\"\",\"publisher\":{\"@id\":\"https:\/\/zdrowelapy.pl\/#\/schema\/person\/2f7db41a315c7eaf06bf4c8cb584a0ba\"},\"potentialAction\":[{\"@type\":\"SearchAction\",\"target\":{\"@type\":\"EntryPoint\",\"urlTemplate\":\"https:\/\/zdrowelapy.pl\/?s={search_term_string}\"},\"query-input\":{\"@type\":\"PropertyValueSpecification\",\"valueRequired\":true,\"valueName\":\"search_term_string\"}}],\"inLanguage\":\"pl-PL\"},{\"@type\":[\"Person\",\"Organization\"],\"@id\":\"https:\/\/zdrowelapy.pl\/#\/schema\/person\/2f7db41a315c7eaf06bf4c8cb584a0ba\",\"name\":\"goldenmajko\",\"image\":{\"@type\":\"ImageObject\",\"inLanguage\":\"pl-PL\",\"@id\":\"https:\/\/zdrowelapy.pl\/#\/schema\/person\/image\/\",\"url\":\"https:\/\/zdrowelapy.pl\/wp-content\/uploads\/2025\/05\/logo.png\",\"contentUrl\":\"https:\/\/zdrowelapy.pl\/wp-content\/uploads\/2025\/05\/logo.png\",\"width\":500,\"height\":250,\"caption\":\"goldenmajko\"},\"logo\":{\"@id\":\"https:\/\/zdrowelapy.pl\/#\/schema\/person\/image\/\"},\"description\":\"Edyta Gajewska Kynolog, hodowca Golden Retriever\u00f3w, zoofizjoterapeuta Psy s\u0105 dla mnie najwa\u017cniejsze. Podchodz\u0119 do nich holistycznie! Moje zainteresowania to specyfika ps\u00f3w sportowych, motoryka i biomechanika ruchu oraz techniki zoofizjoterapeutyczne. Jestem Certyfikowanym Masa\u017cyst\u0105 Ps\u00f3w zajmuj\u0105cym si\u0119 terapi\u0105 manualn\u0105 z u\u017cyciem r\u00f3\u017cnorodnych technik fizjoterapeutycznych. Uko\u0144czy\u0142am szereg kurs\u00f3w w Studium Zoofizjoterapii Zwierz\u0105t. Uczestniczy\u0142am w seminariach i warsztatach prowadzonych przez \u015bwiatowej klasy specjalist\u00f3w takich jak Chris Zink, Katie Lawrance, Julie Platt, Marketa Urbaskowa czy te\u017c Pilar Laufente. Uko\u0144czy\u0142am tak\u017ce kurs Akupunktury Weterynaryjnej. Z psami \u017cyj\u0119 na co dzie\u0144. Kynologi\u0105 z zami\u0142owania zajmuj\u0119 si\u0119 od 25 lat. Prowadz\u0119 jedn\u0105 z najlepszych polskich hodowli Golden Retriever. Posiadam bogat\u0105 wiedz\u0119 dotycz\u0105c\u0105 behawioru ps\u00f3w. W wolnym czasie trenujemy nosework, je\u017adzimy na wystawy i chodzimy po g\u00f3rach.\",\"sameAs\":[\"http:\/\/zdrowelapy.pl\",\"https:\/\/www.facebook.com\/goldenmajko\",\"https:\/\/www.instagram.com\/goldenmajko\/\"]}]}<\/script>\n<!-- \/ Yoast SEO plugin. -->","yoast_head_json":{"title":"Akupunktura weterynaryjna - Goldenmajko Zdrowe \u0141apy","robots":{"index":"index","follow":"follow","max-snippet":"max-snippet:-1","max-image-preview":"max-image-preview:large","max-video-preview":"max-video-preview:-1"},"canonical":"https:\/\/zdrowelapy.pl\/index.php\/fizjoterapia-i-rehabilitacja\/testowa\/","og_locale":"pl_PL","og_type":"article","og_title":"Akupunktura weterynaryjna - Goldenmajko Zdrowe \u0141apy","og_description":"\ud83d\udc3e Akupunktura weterynaryjna \u2013 naturalna pomoc dla Twojego pupila \ud83c\udf3f Bezpiecznie. Skutecznie. Z mi\u0142o\u015bci\u0105 do zwierz\u0105t.\ud83d\udccd Zdrowe \u0141apy \u2013 Wroc\u0142aw i okolice Akupunktura weterynaryjna to sprawdzona i bezpieczna metoda wspomagaj\u0105ca leczenie wielu schorze\u0144 u ps\u00f3w i kot\u00f3w. Opiera si\u0119 na tradycyjnej medycynie chi\u0144skiej i polega na stymulacji okre\u015blonych punkt\u00f3w na ciele zwierz\u0119cia za pomoc\u0105 bardzo [&hellip;]","og_url":"https:\/\/zdrowelapy.pl\/index.php\/fizjoterapia-i-rehabilitacja\/testowa\/","og_site_name":"Goldenmajko Zdrowe \u0141apy","article_publisher":"https:\/\/www.facebook.com\/goldenmajko","article_modified_time":"2025-05-09T08:09:23+00:00","twitter_card":"summary_large_image","twitter_misc":{"Szacowany czas czytania":"3 minuty"},"schema":{"@context":"https:\/\/schema.org","@graph":[{"@type":"WebPage","@id":"https:\/\/zdrowelapy.pl\/index.php\/fizjoterapia-i-rehabilitacja\/testowa\/","url":"https:\/\/zdrowelapy.pl\/index.php\/fizjoterapia-i-rehabilitacja\/testowa\/","name":"Akupunktura weterynaryjna - Goldenmajko Zdrowe \u0141apy","isPartOf":{"@id":"https:\/\/zdrowelapy.pl\/#website"},"datePublished":"2025-05-04T20:50:12+00:00","dateModified":"2025-05-09T08:09:23+00:00","breadcrumb":{"@id":"https:\/\/zdrowelapy.pl\/index.php\/fizjoterapia-i-rehabilitacja\/testowa\/#breadcrumb"},"inLanguage":"pl-PL","potentialAction":[{"@type":"ReadAction","target":["https:\/\/zdrowelapy.pl\/index.php\/fizjoterapia-i-rehabilitacja\/testowa\/"]}]},{"@type":"BreadcrumbList","@id":"https:\/\/zdrowelapy.pl\/index.php\/fizjoterapia-i-rehabilitacja\/testowa\/#breadcrumb","itemListElement":[{"@type":"ListItem","position":1,"name":"Strona g\u0142\u00f3wna","item":"https:\/\/zdrowelapy.pl\/"},{"@type":"ListItem","position":2,"name":"Fizjoterapia i Rehabilitacja","item":"https:\/\/zdrowelapy.pl\/index.php\/fizjoterapia-i-rehabilitacja\/"},{"@type":"ListItem","position":3,"name":"Akupunktura weterynaryjna"}]},{"@type":"WebSite","@id":"https:\/\/zdrowelapy.pl\/#website","url":"https:\/\/zdrowelapy.pl\/","name":"Goldenmajko Zdrowe \u0141apy","description":"","publisher":{"@id":"https:\/\/zdrowelapy.pl\/#\/schema\/person\/2f7db41a315c7eaf06bf4c8cb584a0ba"},"potentialAction":[{"@type":"SearchAction","target":{"@type":"EntryPoint","urlTemplate":"https:\/\/zdrowelapy.pl\/?s={search_term_string}"},"query-input":{"@type":"PropertyValueSpecification","valueRequired":true,"valueName":"search_term_string"}}],"inLanguage":"pl-PL"},{"@type":["Person","Organization"],"@id":"https:\/\/zdrowelapy.pl\/#\/schema\/person\/2f7db41a315c7eaf06bf4c8cb584a0ba","name":"goldenmajko","image":{"@type":"ImageObject","inLanguage":"pl-PL","@id":"https:\/\/zdrowelapy.pl\/#\/schema\/person\/image\/","url":"https:\/\/zdrowelapy.pl\/wp-content\/uploads\/2025\/05\/logo.png","contentUrl":"https:\/\/zdrowelapy.pl\/wp-content\/uploads\/2025\/05\/logo.png","width":500,"height":250,"caption":"goldenmajko"},"logo":{"@id":"https:\/\/zdrowelapy.pl\/#\/schema\/person\/image\/"},"description":"Edyta Gajewska Kynolog, hodowca Golden Retriever\u00f3w, zoofizjoterapeuta Psy s\u0105 dla mnie najwa\u017cniejsze. Podchodz\u0119 do nich holistycznie! Moje zainteresowania to specyfika ps\u00f3w sportowych, motoryka i biomechanika ruchu oraz techniki zoofizjoterapeutyczne. Jestem Certyfikowanym Masa\u017cyst\u0105 Ps\u00f3w zajmuj\u0105cym si\u0119 terapi\u0105 manualn\u0105 z u\u017cyciem r\u00f3\u017cnorodnych technik fizjoterapeutycznych. Uko\u0144czy\u0142am szereg kurs\u00f3w w Studium Zoofizjoterapii Zwierz\u0105t. Uczestniczy\u0142am w seminariach i warsztatach prowadzonych przez \u015bwiatowej klasy specjalist\u00f3w takich jak Chris Zink, Katie Lawrance, Julie Platt, Marketa Urbaskowa czy te\u017c Pilar Laufente. Uko\u0144czy\u0142am tak\u017ce kurs Akupunktury Weterynaryjnej. Z psami \u017cyj\u0119 na co dzie\u0144. Kynologi\u0105 z zami\u0142owania zajmuj\u0119 si\u0119 od 25 lat. Prowadz\u0119 jedn\u0105 z najlepszych polskich hodowli Golden Retriever. Posiadam bogat\u0105 wiedz\u0119 dotycz\u0105c\u0105 behawioru ps\u00f3w. W wolnym czasie trenujemy nosework, je\u017adzimy na wystawy i chodzimy po g\u00f3rach.","sameAs":["http:\/\/zdrowelapy.pl","https:\/\/www.facebook.com\/goldenmajko","https:\/\/www.instagram.com\/goldenmajko\/"]}]}},"_links":{"self":[{"href":"https:\/\/zdrowelapy.pl\/index.php\/wp-json\/wp\/v2\/pages\/317","targetHints":{"allow":["GET"]}}],"collection":[{"href":"https:\/\/zdrowelapy.pl\/index.php\/wp-json\/wp\/v2\/pages"}],"about":[{"href":"https:\/\/zdrowelapy.pl\/index.php\/wp-json\/wp\/v2\/types\/page"}],"author":[{"embeddable":true,"href":"https:\/\/zdrowelapy.pl\/index.php\/wp-json\/wp\/v2\/users\/1"}],"replies":[{"embeddable":true,"href":"https:\/\/zdrowelapy.pl\/index.php\/wp-json\/wp\/v2\/comments?post=317"}],"version-history":[{"count":5,"href":"https:\/\/zdrowelapy.pl\/index.php\/wp-json\/wp\/v2\/pages\/317\/revisions"}],"predecessor-version":[{"id":414,"href":"https:\/\/zdrowelapy.pl\/index.php\/wp-json\/wp\/v2\/pages\/317\/revisions\/414"}],"up":[{"embeddable":true,"href":"https:\/\/zdrowelapy.pl\/index.php\/wp-json\/wp\/v2\/pages\/176"}],"wp:attachment":[{"href":"https:\/\/zdrowelapy.pl\/index.php\/wp-json\/wp\/v2\/media?parent=317"}],"curies":[{"name":"wp","href":"https:\/\/api.w.org\/{rel}","templated":true}]}}