{"id":354,"date":"2025-05-04T21:37:17","date_gmt":"2025-05-04T21:37:17","guid":{"rendered":"https:\/\/zdrowelapy.pl\/?page_id=354"},"modified":"2025-05-09T08:11:24","modified_gmt":"2025-05-09T08:11:24","slug":"grooming-czyli-strzyzenie","status":"publish","type":"page","link":"https:\/\/zdrowelapy.pl\/index.php\/grooming-czyli-strzyzenie\/","title":{"rendered":"Grooming\/ Strzy\u017cenie"},"content":{"rendered":"\n<hr class=\"wp-block-separator has-alpha-channel-opacity\"\/>\n\n\n\n<figure class=\"wp-block-image size-full\"><img loading=\"lazy\" decoding=\"async\" width=\"768\" height=\"536\" src=\"https:\/\/zdrowelapy.pl\/wp-content\/uploads\/2025\/05\/414966_417853578249086_1348232372_o-copy-768x536-1.jpg\" alt=\"\" class=\"wp-image-355\" srcset=\"https:\/\/zdrowelapy.pl\/wp-content\/uploads\/2025\/05\/414966_417853578249086_1348232372_o-copy-768x536-1.jpg 768w, https:\/\/zdrowelapy.pl\/wp-content\/uploads\/2025\/05\/414966_417853578249086_1348232372_o-copy-768x536-1-300x209.jpg 300w\" sizes=\"auto, (max-width: 768px) 100vw, 768px\" \/><\/figure>\n\n\n\n<div class=\"wp-block-group is-nowrap is-layout-flex wp-container-core-group-is-layout-6c531013 wp-block-group-is-layout-flex\">\n<p>Szukasz profesjonalnego psiego fryzjera z do\u015bwiadczeniem je\u015bli chodzi o piel\u0119gnacj\u0119 Golden Retrievera? Lepiej trafi\u0107 nie mog\u0142a\u015b\/mog\u0142e\u015b. <\/p>\n<\/div>\n\n\n\n<p>Golden Retriever to rasa o wyj\u0105tkowej sier\u015bci, sk\u0142adaj\u0105cej si\u0119 z w\u0142osa okrywowego i podszerstka, kt\u00f3ra wymaga regularnej i odpowiedniej piel\u0119gnacji. J<strong>ako wystawca i hodowca z prawie 25-letnim do\u015bwiadczeniem<\/strong>, specjalizuj\u0119 si\u0119 w strzy\u017ceniu ps\u00f3w tej rasy \u2013 zar\u00f3wno w celach piel\u0119gnacyjnych, jak i przygotowania do wystaw. Pracuj\u0119 we Wroc\u0142awiu i przyjmuj\u0119 klient\u00f3w z ca\u0142ego miasta oraz okolic.<\/p>\n\n\n\n<p>Prawid\u0142owa piel\u0119gnacja sier\u015bci Golden Retrievera to <strong>nie tylko kwestia estetyki, ale tak\u017ce zdrowia sk\u00f3ry i komfortu psa. <\/strong>Regularne zabiegi pomagaj\u0105 zapobiega\u0107 ko\u0142tunieniu, nadmiernemu linieniu, a tak\u017ce pozwalaj\u0105 utrzyma\u0107 czysto\u015b\u0107 i odpowiedni\u0105 wentylacj\u0119 sk\u00f3ry. Nieumiej\u0119tne strzy\u017cenie mo\u017ce niestety zaszkodzi\u0107 strukturze sier\u015bci i zaburzy\u0107 jej naturaln\u0105 funkcj\u0119 ochronn\u0105.<\/p>\n\n\n\n<div class=\"wp-block-group is-nowrap is-layout-flex wp-container-core-group-is-layout-6c531013 wp-block-group-is-layout-flex\">\n<p>Dlatego tak wa\u017cne jest, by <strong>piel\u0119gnacj\u0105 Golden Retrievera zajmowa\u0142 si\u0119 do\u015bwiadczony profesjonalista,<\/strong> kt\u00f3ry zna standardy rasy, wie jak pracowa\u0107 z jej specyficzn\u0105 okryw\u0105 w\u0142osow\u0105 i potrafi dopasowa\u0107 zabieg do potrzeb konkretnego psa \u2013 czy to w wersji wystawowej, czy domowej.<\/p>\n<\/div>\n\n\n\n<figure class=\"wp-block-image size-large\"><img loading=\"lazy\" decoding=\"async\" width=\"1024\" height=\"668\" src=\"https:\/\/zdrowelapy.pl\/wp-content\/uploads\/2025\/05\/13483092_1214793398555096_9092651613903335958_o-1024x668.jpg\" alt=\"\" class=\"wp-image-356\" srcset=\"https:\/\/zdrowelapy.pl\/wp-content\/uploads\/2025\/05\/13483092_1214793398555096_9092651613903335958_o-1024x668.jpg 1024w, https:\/\/zdrowelapy.pl\/wp-content\/uploads\/2025\/05\/13483092_1214793398555096_9092651613903335958_o-300x196.jpg 300w, https:\/\/zdrowelapy.pl\/wp-content\/uploads\/2025\/05\/13483092_1214793398555096_9092651613903335958_o-768x501.jpg 768w, https:\/\/zdrowelapy.pl\/wp-content\/uploads\/2025\/05\/13483092_1214793398555096_9092651613903335958_o-1536x1001.jpg 1536w, https:\/\/zdrowelapy.pl\/wp-content\/uploads\/2025\/05\/13483092_1214793398555096_9092651613903335958_o.jpg 2048w\" sizes=\"auto, (max-width: 1024px) 100vw, 1024px\" \/><\/figure>\n\n\n\n<p>Zapraszam do <strong>Goldenmajko Zdrowe \u0141apy<\/strong> \u2013 miejsca, gdzie pi\u0119kno, zdrowie i dobrostan Twojego psa zawsze s\u0105 na pierwszym miejscu.<\/p>\n\n\n\n<div class=\"wp-block-buttons is-content-justification-center is-layout-flex wp-container-core-buttons-is-layout-a89b3969 wp-block-buttons-is-layout-flex\">\n<div class=\"wp-block-button is-style-fill\"><a class=\"wp-block-button__link wp-element-button\" href=\"https:\/\/zdrowelapy.pl\/index.php\/gdzie-pomagam\/\">Um\u00f3w si\u0119 na wizyt\u0119 <\/a><\/div>\n<\/div>\n\n\n\n<p>Najcz\u0119stsze pytania:<\/p>\n\n\n\n<ol class=\"wp-block-list\">\n<li><strong>Co ile nale\u017cy strzyc goldena?<\/strong><br>Goldena strzy\u017cemy \u015brednio co 3 miesi\u0105ce, bo mniej wi\u0119cej tyle trwa optymalne odro\u015bni\u0119cie i obro\u015bni\u0119cie zwierz\u0119cia. Jednak\u017ce, jest to oczywi\u015bcie kwestia osobnicza i mo\u017ce by\u0107 tak, \u017ce jeden pies potrzebuje ponownego groomingu ju\u017c po miesi\u0105cu, a inny po kwartale. <\/li>\n\n\n\n<li><strong>Czy s\u0105 jakie\u015b miesi\u0105ce lub pory roku kiedy nie nale\u017cy tego robi\u0107<\/strong>?<br>Nie, nie ma takiej pory. Goldeny podlegaj\u0105 piel\u0119gnacji ca\u0142y rok, dotyczy t zar\u00f3wno k\u0105pieli, czesania jak i strzy\u017cenia. <\/li>\n\n\n\n<li><strong>Czy mog\u0119 ogoli\u0107 swojego psa maszynk\u0105?<\/strong><br>Nie, nie mo\u017cesz. Golden ma podszerstek, wygolenie go spowoduje problemy termiczne. Wzorzec rasy dok\u0142adnie okre\u015bla gdzie i w kt\u00f3rych miejscach pies powinien by\u0107 ostrzy\u017cony.<\/li>\n\n\n\n<li><strong>Czy mog\u0119 u\u017cywa\u0107 furminatora?<\/strong><br>Nie. Furminator bardzo niszczy sier\u015b\u0107. Je\u015bli go masz, to wyrzu\u0107 go do kosza na \u015bmieci. <\/li>\n\n\n\n<li><strong>Czy pies na strzy\u017cenie powinien by\u0107 wcze\u015bniej wyk\u0105pany?<\/strong><br>Tak, inaczej groomer mo\u017ce odm\u00f3wi\u0107 piel\u0119gnacji, poniewa\u017c podczas strzy\u017cenia brudnego w\u0142osa kosztowne no\u017cyczki zaczynaj\u0105 si\u0119 tempi\u0107. <\/li>\n\n\n\n<li><strong>Jak wykonywany jest zabieg i ile czasu trwa?<\/strong><br>Ca\u0142kowicie obro\u015bni\u0119ty pies potrzebuje u groomera oko\u0142o 2 godziny na stole groomerskim. Klient\u00f3w przyjmuj\u0119 w domu, pies jest na stole groomerskim w obecno\u015bci w\u0142a\u015bciciela i du\u017cej ilo\u015bci smaczk\u00f3w. Zabieg dla psa jest raczej bezstresowy (ew. wysoko\u015b\u0107 sto\u0142u) i przebiega w mi\u0142ej i przyjacielskiej atmosferze. Psy wychodz\u0105 ode mnie eleganckie i u\u015bmiechni\u0119te \ud83d\ude42 <\/li>\n<\/ol>\n\n\n\n<h3 class=\"wp-block-heading\">\ud83d\udcc5 Um\u00f3w si\u0119 na wizyt\u0119 \u2013 zadbaj o komfort swojego zwierzaka<\/h3>\n\n\n\n<p>Ka\u017cde zwierz\u0119 to osobna historia. W Goldenmajko Zdrowe \u0141apy nie pracujemy schematami \u2013 tworzymy <strong>indywidualne plany terapii<\/strong>, dopasowane do stanu zdrowia, temperamentu i mo\u017cliwo\u015bci Twojego pupila.<\/p>\n\n\n\n<p>Zapraszamy opiekun\u00f3w ps\u00f3w i kot\u00f3w w ka\u017cdym wieku \u2013 od szczeni\u0105t po senior\u00f3w. Niezale\u017cnie, czy Tw\u00f3j zwierzak wraca do zdrowia po operacji, ma przewlek\u0142y problem ruchowy, czy po prostu potrzebuje wsparcia i dotyku \u2013 jeste\u015bmy tu, by pom\u00f3c.<\/p>\n\n\n\n<p>\ud83d\udcde Zadzwo\u0144: 888343269<br>\ud83d\udce7 Napisz: goldenmajko@poczta.onet.pl<br>\ud83c\udf10 Znajd\u017a nas online: FB: goldenmajko IG: goldenmajko<\/p>\n\n\n\n<p><strong>Goldenmajko Zdrowe \u0141apy \u2013 bo zdrowie Twojego zwierzaka zaczyna si\u0119 od troskliwego dotyku.<\/strong><\/p>\n","protected":false},"excerpt":{"rendered":"<p>Szukasz profesjonalnego psiego fryzjera z do\u015bwiadczeniem je\u015bli chodzi o piel\u0119gnacj\u0119 Golden Retrievera? Lepiej trafi\u0107 nie mog\u0142a\u015b\/mog\u0142e\u015b. Golden Retriever to rasa o wyj\u0105tkowej sier\u015bci, sk\u0142adaj\u0105cej si\u0119 z w\u0142osa okrywowego i podszerstka, kt\u00f3ra wymaga regularnej i odpowiedniej piel\u0119gnacji. Jako wystawca i hodowca z prawie 25-letnim do\u015bwiadczeniem, specjalizuj\u0119 si\u0119 w strzy\u017ceniu ps\u00f3w tej rasy \u2013 zar\u00f3wno w celach [&hellip;]<\/p>\n","protected":false},"author":1,"featured_media":0,"parent":0,"menu_order":0,"comment_status":"closed","ping_status":"closed","template":"","meta":{"footnotes":""},"class_list":["post-354","page","type-page","status-publish","hentry"],"yoast_head":"<!-- This site is optimized with the Yoast SEO plugin v25.6 - https:\/\/yoast.com\/wordpress\/plugins\/seo\/ -->\n<title>Grooming\/ Strzy\u017cenie - Goldenmajko Zdrowe \u0141apy<\/title>\n<meta name=\"robots\" content=\"index, follow, max-snippet:-1, max-image-preview:large, max-video-preview:-1\" \/>\n<link rel=\"canonical\" href=\"https:\/\/zdrowelapy.pl\/index.php\/grooming-czyli-strzyzenie\/\" \/>\n<meta property=\"og:locale\" content=\"pl_PL\" \/>\n<meta property=\"og:type\" content=\"article\" \/>\n<meta property=\"og:title\" content=\"Grooming\/ Strzy\u017cenie - Goldenmajko Zdrowe \u0141apy\" \/>\n<meta property=\"og:description\" content=\"Szukasz profesjonalnego psiego fryzjera z do\u015bwiadczeniem je\u015bli chodzi o piel\u0119gnacj\u0119 Golden Retrievera? Lepiej trafi\u0107 nie mog\u0142a\u015b\/mog\u0142e\u015b. Golden Retriever to rasa o wyj\u0105tkowej sier\u015bci, sk\u0142adaj\u0105cej si\u0119 z w\u0142osa okrywowego i podszerstka, kt\u00f3ra wymaga regularnej i odpowiedniej piel\u0119gnacji. Jako wystawca i hodowca z prawie 25-letnim do\u015bwiadczeniem, specjalizuj\u0119 si\u0119 w strzy\u017ceniu ps\u00f3w tej rasy \u2013 zar\u00f3wno w celach [&hellip;]\" \/>\n<meta property=\"og:url\" content=\"https:\/\/zdrowelapy.pl\/index.php\/grooming-czyli-strzyzenie\/\" \/>\n<meta property=\"og:site_name\" content=\"Goldenmajko Zdrowe \u0141apy\" \/>\n<meta property=\"article:publisher\" content=\"https:\/\/www.facebook.com\/goldenmajko\" \/>\n<meta property=\"article:modified_time\" content=\"2025-05-09T08:11:24+00:00\" \/>\n<meta property=\"og:image\" content=\"http:\/\/zdrowelapy.pl\/wp-content\/uploads\/2025\/05\/414966_417853578249086_1348232372_o-copy-768x536-1.jpg\" \/>\n<meta name=\"twitter:card\" content=\"summary_large_image\" \/>\n<meta name=\"twitter:label1\" content=\"Szacowany czas czytania\" \/>\n\t<meta name=\"twitter:data1\" content=\"3 minuty\" \/>\n<script type=\"application\/ld+json\" class=\"yoast-schema-graph\">{\"@context\":\"https:\/\/schema.org\",\"@graph\":[{\"@type\":\"WebPage\",\"@id\":\"https:\/\/zdrowelapy.pl\/index.php\/grooming-czyli-strzyzenie\/\",\"url\":\"https:\/\/zdrowelapy.pl\/index.php\/grooming-czyli-strzyzenie\/\",\"name\":\"Grooming\/ Strzy\u017cenie - Goldenmajko Zdrowe \u0141apy\",\"isPartOf\":{\"@id\":\"https:\/\/zdrowelapy.pl\/#website\"},\"primaryImageOfPage\":{\"@id\":\"https:\/\/zdrowelapy.pl\/index.php\/grooming-czyli-strzyzenie\/#primaryimage\"},\"image\":{\"@id\":\"https:\/\/zdrowelapy.pl\/index.php\/grooming-czyli-strzyzenie\/#primaryimage\"},\"thumbnailUrl\":\"http:\/\/zdrowelapy.pl\/wp-content\/uploads\/2025\/05\/414966_417853578249086_1348232372_o-copy-768x536-1.jpg\",\"datePublished\":\"2025-05-04T21:37:17+00:00\",\"dateModified\":\"2025-05-09T08:11:24+00:00\",\"breadcrumb\":{\"@id\":\"https:\/\/zdrowelapy.pl\/index.php\/grooming-czyli-strzyzenie\/#breadcrumb\"},\"inLanguage\":\"pl-PL\",\"potentialAction\":[{\"@type\":\"ReadAction\",\"target\":[\"https:\/\/zdrowelapy.pl\/index.php\/grooming-czyli-strzyzenie\/\"]}]},{\"@type\":\"ImageObject\",\"inLanguage\":\"pl-PL\",\"@id\":\"https:\/\/zdrowelapy.pl\/index.php\/grooming-czyli-strzyzenie\/#primaryimage\",\"url\":\"https:\/\/zdrowelapy.pl\/wp-content\/uploads\/2025\/05\/414966_417853578249086_1348232372_o-copy-768x536-1.jpg\",\"contentUrl\":\"https:\/\/zdrowelapy.pl\/wp-content\/uploads\/2025\/05\/414966_417853578249086_1348232372_o-copy-768x536-1.jpg\",\"width\":768,\"height\":536},{\"@type\":\"BreadcrumbList\",\"@id\":\"https:\/\/zdrowelapy.pl\/index.php\/grooming-czyli-strzyzenie\/#breadcrumb\",\"itemListElement\":[{\"@type\":\"ListItem\",\"position\":1,\"name\":\"Strona g\u0142\u00f3wna\",\"item\":\"https:\/\/zdrowelapy.pl\/\"},{\"@type\":\"ListItem\",\"position\":2,\"name\":\"Grooming\/ Strzy\u017cenie\"}]},{\"@type\":\"WebSite\",\"@id\":\"https:\/\/zdrowelapy.pl\/#website\",\"url\":\"https:\/\/zdrowelapy.pl\/\",\"name\":\"Goldenmajko Zdrowe \u0141apy\",\"description\":\"\",\"publisher\":{\"@id\":\"https:\/\/zdrowelapy.pl\/#\/schema\/person\/2f7db41a315c7eaf06bf4c8cb584a0ba\"},\"potentialAction\":[{\"@type\":\"SearchAction\",\"target\":{\"@type\":\"EntryPoint\",\"urlTemplate\":\"https:\/\/zdrowelapy.pl\/?s={search_term_string}\"},\"query-input\":{\"@type\":\"PropertyValueSpecification\",\"valueRequired\":true,\"valueName\":\"search_term_string\"}}],\"inLanguage\":\"pl-PL\"},{\"@type\":[\"Person\",\"Organization\"],\"@id\":\"https:\/\/zdrowelapy.pl\/#\/schema\/person\/2f7db41a315c7eaf06bf4c8cb584a0ba\",\"name\":\"goldenmajko\",\"image\":{\"@type\":\"ImageObject\",\"inLanguage\":\"pl-PL\",\"@id\":\"https:\/\/zdrowelapy.pl\/#\/schema\/person\/image\/\",\"url\":\"https:\/\/zdrowelapy.pl\/wp-content\/uploads\/2025\/05\/logo.png\",\"contentUrl\":\"https:\/\/zdrowelapy.pl\/wp-content\/uploads\/2025\/05\/logo.png\",\"width\":500,\"height\":250,\"caption\":\"goldenmajko\"},\"logo\":{\"@id\":\"https:\/\/zdrowelapy.pl\/#\/schema\/person\/image\/\"},\"description\":\"Edyta Gajewska Kynolog, hodowca Golden Retriever\u00f3w, zoofizjoterapeuta Psy s\u0105 dla mnie najwa\u017cniejsze. Podchodz\u0119 do nich holistycznie! Moje zainteresowania to specyfika ps\u00f3w sportowych, motoryka i biomechanika ruchu oraz techniki zoofizjoterapeutyczne. Jestem Certyfikowanym Masa\u017cyst\u0105 Ps\u00f3w zajmuj\u0105cym si\u0119 terapi\u0105 manualn\u0105 z u\u017cyciem r\u00f3\u017cnorodnych technik fizjoterapeutycznych. Uko\u0144czy\u0142am szereg kurs\u00f3w w Studium Zoofizjoterapii Zwierz\u0105t. Uczestniczy\u0142am w seminariach i warsztatach prowadzonych przez \u015bwiatowej klasy specjalist\u00f3w takich jak Chris Zink, Katie Lawrance, Julie Platt, Marketa Urbaskowa czy te\u017c Pilar Laufente. Uko\u0144czy\u0142am tak\u017ce kurs Akupunktury Weterynaryjnej. Z psami \u017cyj\u0119 na co dzie\u0144. Kynologi\u0105 z zami\u0142owania zajmuj\u0119 si\u0119 od 25 lat. Prowadz\u0119 jedn\u0105 z najlepszych polskich hodowli Golden Retriever. Posiadam bogat\u0105 wiedz\u0119 dotycz\u0105c\u0105 behawioru ps\u00f3w. W wolnym czasie trenujemy nosework, je\u017adzimy na wystawy i chodzimy po g\u00f3rach.\",\"sameAs\":[\"http:\/\/zdrowelapy.pl\",\"https:\/\/www.facebook.com\/goldenmajko\",\"https:\/\/www.instagram.com\/goldenmajko\/\"]}]}<\/script>\n<!-- \/ Yoast SEO plugin. -->","yoast_head_json":{"title":"Grooming\/ Strzy\u017cenie - Goldenmajko Zdrowe \u0141apy","robots":{"index":"index","follow":"follow","max-snippet":"max-snippet:-1","max-image-preview":"max-image-preview:large","max-video-preview":"max-video-preview:-1"},"canonical":"https:\/\/zdrowelapy.pl\/index.php\/grooming-czyli-strzyzenie\/","og_locale":"pl_PL","og_type":"article","og_title":"Grooming\/ Strzy\u017cenie - Goldenmajko Zdrowe \u0141apy","og_description":"Szukasz profesjonalnego psiego fryzjera z do\u015bwiadczeniem je\u015bli chodzi o piel\u0119gnacj\u0119 Golden Retrievera? Lepiej trafi\u0107 nie mog\u0142a\u015b\/mog\u0142e\u015b. Golden Retriever to rasa o wyj\u0105tkowej sier\u015bci, sk\u0142adaj\u0105cej si\u0119 z w\u0142osa okrywowego i podszerstka, kt\u00f3ra wymaga regularnej i odpowiedniej piel\u0119gnacji. Jako wystawca i hodowca z prawie 25-letnim do\u015bwiadczeniem, specjalizuj\u0119 si\u0119 w strzy\u017ceniu ps\u00f3w tej rasy \u2013 zar\u00f3wno w celach [&hellip;]","og_url":"https:\/\/zdrowelapy.pl\/index.php\/grooming-czyli-strzyzenie\/","og_site_name":"Goldenmajko Zdrowe \u0141apy","article_publisher":"https:\/\/www.facebook.com\/goldenmajko","article_modified_time":"2025-05-09T08:11:24+00:00","og_image":[{"url":"http:\/\/zdrowelapy.pl\/wp-content\/uploads\/2025\/05\/414966_417853578249086_1348232372_o-copy-768x536-1.jpg","type":"","width":"","height":""}],"twitter_card":"summary_large_image","twitter_misc":{"Szacowany czas czytania":"3 minuty"},"schema":{"@context":"https:\/\/schema.org","@graph":[{"@type":"WebPage","@id":"https:\/\/zdrowelapy.pl\/index.php\/grooming-czyli-strzyzenie\/","url":"https:\/\/zdrowelapy.pl\/index.php\/grooming-czyli-strzyzenie\/","name":"Grooming\/ Strzy\u017cenie - Goldenmajko Zdrowe \u0141apy","isPartOf":{"@id":"https:\/\/zdrowelapy.pl\/#website"},"primaryImageOfPage":{"@id":"https:\/\/zdrowelapy.pl\/index.php\/grooming-czyli-strzyzenie\/#primaryimage"},"image":{"@id":"https:\/\/zdrowelapy.pl\/index.php\/grooming-czyli-strzyzenie\/#primaryimage"},"thumbnailUrl":"http:\/\/zdrowelapy.pl\/wp-content\/uploads\/2025\/05\/414966_417853578249086_1348232372_o-copy-768x536-1.jpg","datePublished":"2025-05-04T21:37:17+00:00","dateModified":"2025-05-09T08:11:24+00:00","breadcrumb":{"@id":"https:\/\/zdrowelapy.pl\/index.php\/grooming-czyli-strzyzenie\/#breadcrumb"},"inLanguage":"pl-PL","potentialAction":[{"@type":"ReadAction","target":["https:\/\/zdrowelapy.pl\/index.php\/grooming-czyli-strzyzenie\/"]}]},{"@type":"ImageObject","inLanguage":"pl-PL","@id":"https:\/\/zdrowelapy.pl\/index.php\/grooming-czyli-strzyzenie\/#primaryimage","url":"https:\/\/zdrowelapy.pl\/wp-content\/uploads\/2025\/05\/414966_417853578249086_1348232372_o-copy-768x536-1.jpg","contentUrl":"https:\/\/zdrowelapy.pl\/wp-content\/uploads\/2025\/05\/414966_417853578249086_1348232372_o-copy-768x536-1.jpg","width":768,"height":536},{"@type":"BreadcrumbList","@id":"https:\/\/zdrowelapy.pl\/index.php\/grooming-czyli-strzyzenie\/#breadcrumb","itemListElement":[{"@type":"ListItem","position":1,"name":"Strona g\u0142\u00f3wna","item":"https:\/\/zdrowelapy.pl\/"},{"@type":"ListItem","position":2,"name":"Grooming\/ Strzy\u017cenie"}]},{"@type":"WebSite","@id":"https:\/\/zdrowelapy.pl\/#website","url":"https:\/\/zdrowelapy.pl\/","name":"Goldenmajko Zdrowe \u0141apy","description":"","publisher":{"@id":"https:\/\/zdrowelapy.pl\/#\/schema\/person\/2f7db41a315c7eaf06bf4c8cb584a0ba"},"potentialAction":[{"@type":"SearchAction","target":{"@type":"EntryPoint","urlTemplate":"https:\/\/zdrowelapy.pl\/?s={search_term_string}"},"query-input":{"@type":"PropertyValueSpecification","valueRequired":true,"valueName":"search_term_string"}}],"inLanguage":"pl-PL"},{"@type":["Person","Organization"],"@id":"https:\/\/zdrowelapy.pl\/#\/schema\/person\/2f7db41a315c7eaf06bf4c8cb584a0ba","name":"goldenmajko","image":{"@type":"ImageObject","inLanguage":"pl-PL","@id":"https:\/\/zdrowelapy.pl\/#\/schema\/person\/image\/","url":"https:\/\/zdrowelapy.pl\/wp-content\/uploads\/2025\/05\/logo.png","contentUrl":"https:\/\/zdrowelapy.pl\/wp-content\/uploads\/2025\/05\/logo.png","width":500,"height":250,"caption":"goldenmajko"},"logo":{"@id":"https:\/\/zdrowelapy.pl\/#\/schema\/person\/image\/"},"description":"Edyta Gajewska Kynolog, hodowca Golden Retriever\u00f3w, zoofizjoterapeuta Psy s\u0105 dla mnie najwa\u017cniejsze. Podchodz\u0119 do nich holistycznie! Moje zainteresowania to specyfika ps\u00f3w sportowych, motoryka i biomechanika ruchu oraz techniki zoofizjoterapeutyczne. Jestem Certyfikowanym Masa\u017cyst\u0105 Ps\u00f3w zajmuj\u0105cym si\u0119 terapi\u0105 manualn\u0105 z u\u017cyciem r\u00f3\u017cnorodnych technik fizjoterapeutycznych. Uko\u0144czy\u0142am szereg kurs\u00f3w w Studium Zoofizjoterapii Zwierz\u0105t. Uczestniczy\u0142am w seminariach i warsztatach prowadzonych przez \u015bwiatowej klasy specjalist\u00f3w takich jak Chris Zink, Katie Lawrance, Julie Platt, Marketa Urbaskowa czy te\u017c Pilar Laufente. Uko\u0144czy\u0142am tak\u017ce kurs Akupunktury Weterynaryjnej. Z psami \u017cyj\u0119 na co dzie\u0144. Kynologi\u0105 z zami\u0142owania zajmuj\u0119 si\u0119 od 25 lat. Prowadz\u0119 jedn\u0105 z najlepszych polskich hodowli Golden Retriever. Posiadam bogat\u0105 wiedz\u0119 dotycz\u0105c\u0105 behawioru ps\u00f3w. W wolnym czasie trenujemy nosework, je\u017adzimy na wystawy i chodzimy po g\u00f3rach.","sameAs":["http:\/\/zdrowelapy.pl","https:\/\/www.facebook.com\/goldenmajko","https:\/\/www.instagram.com\/goldenmajko\/"]}]}},"_links":{"self":[{"href":"https:\/\/zdrowelapy.pl\/index.php\/wp-json\/wp\/v2\/pages\/354","targetHints":{"allow":["GET"]}}],"collection":[{"href":"https:\/\/zdrowelapy.pl\/index.php\/wp-json\/wp\/v2\/pages"}],"about":[{"href":"https:\/\/zdrowelapy.pl\/index.php\/wp-json\/wp\/v2\/types\/page"}],"author":[{"embeddable":true,"href":"https:\/\/zdrowelapy.pl\/index.php\/wp-json\/wp\/v2\/users\/1"}],"replies":[{"embeddable":true,"href":"https:\/\/zdrowelapy.pl\/index.php\/wp-json\/wp\/v2\/comments?post=354"}],"version-history":[{"count":4,"href":"https:\/\/zdrowelapy.pl\/index.php\/wp-json\/wp\/v2\/pages\/354\/revisions"}],"predecessor-version":[{"id":418,"href":"https:\/\/zdrowelapy.pl\/index.php\/wp-json\/wp\/v2\/pages\/354\/revisions\/418"}],"wp:attachment":[{"href":"https:\/\/zdrowelapy.pl\/index.php\/wp-json\/wp\/v2\/media?parent=354"}],"curies":[{"name":"wp","href":"https:\/\/api.w.org\/{rel}","templated":true}]}}